{"id":1277,"date":"2026-03-24T15:02:51","date_gmt":"2026-03-24T12:02:51","guid":{"rendered":"https:\/\/www.vastseliina.ee\/rahvamaja\/?page_id=1277"},"modified":"2026-03-24T15:20:01","modified_gmt":"2026-03-24T12:20:01","slug":"orienteerumine","status":"publish","type":"page","link":"https:\/\/www.vastseliina.ee\/rahvamaja\/orienteerumine\/","title":{"rendered":"Orienteerumine"},"content":{"rendered":"\t\t<div data-elementor-type=\"wp-page\" data-elementor-id=\"1277\" class=\"elementor elementor-1277\">\n\t\t\t\t\t\t\t\t\t<section class=\"elementor-section elementor-top-section elementor-element elementor-element-a69de5c elementor-section-boxed elementor-section-height-default elementor-section-height-default\" data-id=\"a69de5c\" data-element_type=\"section\">\n\t\t\t\t\t\t<div class=\"elementor-container elementor-column-gap-default\">\n\t\t\t\t\t<div class=\"elementor-column elementor-col-100 elementor-top-column elementor-element elementor-element-f00b976\" data-id=\"f00b976\" data-element_type=\"column\">\n\t\t\t<div class=\"elementor-widget-wrap\">\n\t\t\t\t\t\t\t\t\t<\/div>\n\t\t<\/div>\n\t\t\t\t\t\t\t<\/div>\n\t\t<\/section>\n\t\t\t\t<section class=\"elementor-section elementor-top-section elementor-element elementor-element-d2b490a elementor-section-boxed elementor-section-height-default elementor-section-height-default\" data-id=\"d2b490a\" data-element_type=\"section\">\n\t\t\t\t\t\t<div class=\"elementor-container elementor-column-gap-default\">\n\t\t\t\t\t<div class=\"elementor-column elementor-col-100 elementor-top-column elementor-element elementor-element-0774bde\" data-id=\"0774bde\" data-element_type=\"column\">\n\t\t\t<div class=\"elementor-widget-wrap elementor-element-populated\">\n\t\t\t\t\t\t\t\t<div class=\"elementor-element elementor-element-52cf84c elementor-widget elementor-widget-heading\" data-id=\"52cf84c\" data-element_type=\"widget\" data-widget_type=\"heading.default\">\n\t\t\t\t<div class=\"elementor-widget-container\">\n\t\t\t<style>\/*! elementor - v3.6.4 - 13-04-2022 *\/\n.elementor-heading-title{padding:0;margin:0;line-height:1}.elementor-widget-heading .elementor-heading-title[class*=elementor-size-]>a{color:inherit;font-size:inherit;line-height:inherit}.elementor-widget-heading .elementor-heading-title.elementor-size-small{font-size:15px}.elementor-widget-heading .elementor-heading-title.elementor-size-medium{font-size:19px}.elementor-widget-heading .elementor-heading-title.elementor-size-large{font-size:29px}.elementor-widget-heading .elementor-heading-title.elementor-size-xl{font-size:39px}.elementor-widget-heading .elementor-heading-title.elementor-size-xxl{font-size:59px}<\/style><h3 class=\"elementor-heading-title elementor-size-large\">Volbrip\u00e4eva fotoorienteerumine<\/h3>\t\t<\/div>\n\t\t\t\t<\/div>\n\t\t\t\t<div class=\"elementor-element elementor-element-c24572c elementor-widget elementor-widget-text-editor\" data-id=\"c24572c\" data-element_type=\"widget\" data-widget_type=\"text-editor.default\">\n\t\t\t\t<div class=\"elementor-widget-container\">\n\t\t\t<style>\/*! elementor - v3.6.4 - 13-04-2022 *\/\n.elementor-widget-text-editor.elementor-drop-cap-view-stacked .elementor-drop-cap{background-color:#818a91;color:#fff}.elementor-widget-text-editor.elementor-drop-cap-view-framed .elementor-drop-cap{color:#818a91;border:3px solid;background-color:transparent}.elementor-widget-text-editor:not(.elementor-drop-cap-view-default) .elementor-drop-cap{margin-top:8px}.elementor-widget-text-editor:not(.elementor-drop-cap-view-default) .elementor-drop-cap-letter{width:1em;height:1em}.elementor-widget-text-editor .elementor-drop-cap{float:left;text-align:center;line-height:1;font-size:50px}.elementor-widget-text-editor .elementor-drop-cap-letter{display:inline-block}<\/style>\t\t\t\t<div dir=\"auto\">27. aprillist 7. maini 2023 VOLBRIP\u00c4EVA FOTOORIENTEERUMINE VASTSELIINA ALEVIKUS.<\/div><div dir=\"auto\">Selle aasta m\u00e4rks\u00f5nad on LUUD JA PUUD.<\/div><div dir=\"auto\">R\u00f5\u00f5mu liikumisest!<\/div><div dir=\"auto\"><img decoding=\"async\" loading=\"lazy\" class=\"aligncenter wp-image-1284 size-full\" src=\"https:\/\/www.vastseliina.ee\/rahvamaja\/wp-content\/uploads\/2026\/03\/480261933_932342109065445_670490001278935315_n.jpg\" alt=\"\" width=\"1448\" height=\"2048\" srcset=\"https:\/\/www.vastseliina.ee\/rahvamaja\/wp-content\/uploads\/2026\/03\/480261933_932342109065445_670490001278935315_n.jpg 1448w, https:\/\/www.vastseliina.ee\/rahvamaja\/wp-content\/uploads\/2026\/03\/480261933_932342109065445_670490001278935315_n-212x300.jpg 212w, https:\/\/www.vastseliina.ee\/rahvamaja\/wp-content\/uploads\/2026\/03\/480261933_932342109065445_670490001278935315_n-724x1024.jpg 724w, https:\/\/www.vastseliina.ee\/rahvamaja\/wp-content\/uploads\/2026\/03\/480261933_932342109065445_670490001278935315_n-768x1086.jpg 768w, https:\/\/www.vastseliina.ee\/rahvamaja\/wp-content\/uploads\/2026\/03\/480261933_932342109065445_670490001278935315_n-1086x1536.jpg 1086w\" sizes=\"(max-width: 1448px) 100vw, 1448px\" \/><\/div>\t\t\t\t\t\t<\/div>\n\t\t\t\t<\/div>\n\t\t\t\t<div class=\"elementor-element elementor-element-5af2dcc elementor-widget elementor-widget-button\" data-id=\"5af2dcc\" data-element_type=\"widget\" data-widget_type=\"button.default\">\n\t\t\t\t<div class=\"elementor-widget-container\">\n\t\t\t\t\t<div class=\"elementor-button-wrapper\">\n\t\t\t<a href=\"https:\/\/www.vastseliina.ee\/rahvamaja\/juripaev\/\" target=\"_blank\" class=\"elementor-button-link elementor-button elementor-size-sm\" role=\"button\">\n\t\t\t\t\t\t<span class=\"elementor-button-content-wrapper\">\n\t\t\t\t\t\t<span class=\"elementor-button-text\">Vajuta<\/span>\n\t\t<\/span>\n\t\t\t\t\t<\/a>\n\t\t<\/div>\n\t\t\t\t<\/div>\n\t\t\t\t<\/div>\n\t\t\t\t\t<\/div>\n\t\t<\/div>\n\t\t\t\t\t\t\t<\/div>\n\t\t<\/section>\n\t\t\t\t\t\t\t<\/div>\n\t\t","protected":false},"excerpt":{"rendered":"<p>Volbrip\u00e4eva fotoorienteerumine 27. aprillist 7. maini 2023 VOLBRIP\u00c4EVA FOTOORIENTEERUMINE VASTSELIINA ALEVIKUS.Selle aasta m\u00e4rks\u00f5nad on LUUD JA PUUD.R\u00f5\u00f5mu liikumisest! Vajuta<\/p>\n","protected":false},"author":4,"featured_media":0,"parent":0,"menu_order":0,"comment_status":"closed","ping_status":"closed","template":"","meta":[],"yoast_head":"<!-- This site is optimized with the Yoast SEO plugin v18.6 - https:\/\/yoast.com\/wordpress\/plugins\/seo\/ -->\n<title>Orienteerumine - Vastseliina rahvamaja<\/title>\n<meta name=\"robots\" content=\"index, follow, max-snippet:-1, max-image-preview:large, max-video-preview:-1\" \/>\n<link rel=\"canonical\" href=\"https:\/\/www.vastseliina.ee\/rahvamaja\/orienteerumine\/\" \/>\n<meta property=\"og:locale\" content=\"et_EE\" \/>\n<meta property=\"og:type\" content=\"article\" \/>\n<meta property=\"og:title\" content=\"Orienteerumine - Vastseliina rahvamaja\" \/>\n<meta property=\"og:description\" content=\"Volbrip\u00e4eva fotoorienteerumine 27. aprillist 7. maini 2023 VOLBRIP\u00c4EVA FOTOORIENTEERUMINE VASTSELIINA ALEVIKUS.Selle aasta m\u00e4rks\u00f5nad on LUUD JA PUUD.R\u00f5\u00f5mu liikumisest! Vajuta\" \/>\n<meta property=\"og:url\" content=\"https:\/\/www.vastseliina.ee\/rahvamaja\/orienteerumine\/\" \/>\n<meta property=\"og:site_name\" content=\"Vastseliina rahvamaja\" \/>\n<meta property=\"article:modified_time\" content=\"2026-03-24T12:20:01+00:00\" \/>\n<meta name=\"twitter:card\" content=\"summary_large_image\" \/>\n<script type=\"application\/ld+json\" class=\"yoast-schema-graph\">{\"@context\":\"https:\/\/schema.org\",\"@graph\":[{\"@type\":\"WebSite\",\"@id\":\"https:\/\/www.vastseliina.ee\/rahvamaja\/#website\",\"url\":\"https:\/\/www.vastseliina.ee\/rahvamaja\/\",\"name\":\"Vastseliina rahvamaja\",\"description\":\"Tegemist on Vastseliina rahvamaja veebilehega.\",\"potentialAction\":[{\"@type\":\"SearchAction\",\"target\":{\"@type\":\"EntryPoint\",\"urlTemplate\":\"https:\/\/www.vastseliina.ee\/rahvamaja\/?s={search_term_string}\"},\"query-input\":\"required name=search_term_string\"}],\"inLanguage\":\"et\"},{\"@type\":\"ImageObject\",\"@id\":\"https:\/\/www.vastseliina.ee\/rahvamaja\/orienteerumine\/#primaryimage\",\"inLanguage\":\"et\",\"url\":\"https:\/\/www.vastseliina.ee\/rahvamaja\/wp-content\/uploads\/2026\/03\/480261933_932342109065445_670490001278935315_n.jpg\",\"contentUrl\":\"https:\/\/www.vastseliina.ee\/rahvamaja\/wp-content\/uploads\/2026\/03\/480261933_932342109065445_670490001278935315_n.jpg\",\"width\":1448,\"height\":2048},{\"@type\":\"WebPage\",\"@id\":\"https:\/\/www.vastseliina.ee\/rahvamaja\/orienteerumine\/#webpage\",\"url\":\"https:\/\/www.vastseliina.ee\/rahvamaja\/orienteerumine\/\",\"name\":\"Orienteerumine - Vastseliina rahvamaja\",\"isPartOf\":{\"@id\":\"https:\/\/www.vastseliina.ee\/rahvamaja\/#website\"},\"primaryImageOfPage\":{\"@id\":\"https:\/\/www.vastseliina.ee\/rahvamaja\/orienteerumine\/#primaryimage\"},\"datePublished\":\"2026-03-24T12:02:51+00:00\",\"dateModified\":\"2026-03-24T12:20:01+00:00\",\"breadcrumb\":{\"@id\":\"https:\/\/www.vastseliina.ee\/rahvamaja\/orienteerumine\/#breadcrumb\"},\"inLanguage\":\"et\",\"potentialAction\":[{\"@type\":\"ReadAction\",\"target\":[\"https:\/\/www.vastseliina.ee\/rahvamaja\/orienteerumine\/\"]}]},{\"@type\":\"BreadcrumbList\",\"@id\":\"https:\/\/www.vastseliina.ee\/rahvamaja\/orienteerumine\/#breadcrumb\",\"itemListElement\":[{\"@type\":\"ListItem\",\"position\":1,\"name\":\"Kodu\",\"item\":\"https:\/\/www.vastseliina.ee\/rahvamaja\/\"},{\"@type\":\"ListItem\",\"position\":2,\"name\":\"Orienteerumine\"}]}]}<\/script>\n<!-- \/ Yoast SEO plugin. -->","yoast_head_json":{"title":"Orienteerumine - Vastseliina rahvamaja","robots":{"index":"index","follow":"follow","max-snippet":"max-snippet:-1","max-image-preview":"max-image-preview:large","max-video-preview":"max-video-preview:-1"},"canonical":"https:\/\/www.vastseliina.ee\/rahvamaja\/orienteerumine\/","og_locale":"et_EE","og_type":"article","og_title":"Orienteerumine - Vastseliina rahvamaja","og_description":"Volbrip\u00e4eva fotoorienteerumine 27. aprillist 7. maini 2023 VOLBRIP\u00c4EVA FOTOORIENTEERUMINE VASTSELIINA ALEVIKUS.Selle aasta m\u00e4rks\u00f5nad on LUUD JA PUUD.R\u00f5\u00f5mu liikumisest! Vajuta","og_url":"https:\/\/www.vastseliina.ee\/rahvamaja\/orienteerumine\/","og_site_name":"Vastseliina rahvamaja","article_modified_time":"2026-03-24T12:20:01+00:00","twitter_card":"summary_large_image","schema":{"@context":"https:\/\/schema.org","@graph":[{"@type":"WebSite","@id":"https:\/\/www.vastseliina.ee\/rahvamaja\/#website","url":"https:\/\/www.vastseliina.ee\/rahvamaja\/","name":"Vastseliina rahvamaja","description":"Tegemist on Vastseliina rahvamaja veebilehega.","potentialAction":[{"@type":"SearchAction","target":{"@type":"EntryPoint","urlTemplate":"https:\/\/www.vastseliina.ee\/rahvamaja\/?s={search_term_string}"},"query-input":"required name=search_term_string"}],"inLanguage":"et"},{"@type":"ImageObject","@id":"https:\/\/www.vastseliina.ee\/rahvamaja\/orienteerumine\/#primaryimage","inLanguage":"et","url":"https:\/\/www.vastseliina.ee\/rahvamaja\/wp-content\/uploads\/2026\/03\/480261933_932342109065445_670490001278935315_n.jpg","contentUrl":"https:\/\/www.vastseliina.ee\/rahvamaja\/wp-content\/uploads\/2026\/03\/480261933_932342109065445_670490001278935315_n.jpg","width":1448,"height":2048},{"@type":"WebPage","@id":"https:\/\/www.vastseliina.ee\/rahvamaja\/orienteerumine\/#webpage","url":"https:\/\/www.vastseliina.ee\/rahvamaja\/orienteerumine\/","name":"Orienteerumine - Vastseliina rahvamaja","isPartOf":{"@id":"https:\/\/www.vastseliina.ee\/rahvamaja\/#website"},"primaryImageOfPage":{"@id":"https:\/\/www.vastseliina.ee\/rahvamaja\/orienteerumine\/#primaryimage"},"datePublished":"2026-03-24T12:02:51+00:00","dateModified":"2026-03-24T12:20:01+00:00","breadcrumb":{"@id":"https:\/\/www.vastseliina.ee\/rahvamaja\/orienteerumine\/#breadcrumb"},"inLanguage":"et","potentialAction":[{"@type":"ReadAction","target":["https:\/\/www.vastseliina.ee\/rahvamaja\/orienteerumine\/"]}]},{"@type":"BreadcrumbList","@id":"https:\/\/www.vastseliina.ee\/rahvamaja\/orienteerumine\/#breadcrumb","itemListElement":[{"@type":"ListItem","position":1,"name":"Kodu","item":"https:\/\/www.vastseliina.ee\/rahvamaja\/"},{"@type":"ListItem","position":2,"name":"Orienteerumine"}]}]}},"_links":{"self":[{"href":"https:\/\/www.vastseliina.ee\/rahvamaja\/wp-json\/wp\/v2\/pages\/1277"}],"collection":[{"href":"https:\/\/www.vastseliina.ee\/rahvamaja\/wp-json\/wp\/v2\/pages"}],"about":[{"href":"https:\/\/www.vastseliina.ee\/rahvamaja\/wp-json\/wp\/v2\/types\/page"}],"author":[{"embeddable":true,"href":"https:\/\/www.vastseliina.ee\/rahvamaja\/wp-json\/wp\/v2\/users\/4"}],"replies":[{"embeddable":true,"href":"https:\/\/www.vastseliina.ee\/rahvamaja\/wp-json\/wp\/v2\/comments?post=1277"}],"version-history":[{"count":3,"href":"https:\/\/www.vastseliina.ee\/rahvamaja\/wp-json\/wp\/v2\/pages\/1277\/revisions"}],"predecessor-version":[{"id":1285,"href":"https:\/\/www.vastseliina.ee\/rahvamaja\/wp-json\/wp\/v2\/pages\/1277\/revisions\/1285"}],"wp:attachment":[{"href":"https:\/\/www.vastseliina.ee\/rahvamaja\/wp-json\/wp\/v2\/media?parent=1277"}],"curies":[{"name":"wp","href":"https:\/\/api.w.org\/{rel}","templated":true}]}}