{"id":158,"date":"2022-04-07T09:16:18","date_gmt":"2022-04-07T09:16:18","guid":{"rendered":"https:\/\/www.vastseliina.ee\/rahvamaja\/?page_id=158"},"modified":"2022-05-03T08:53:08","modified_gmt":"2022-05-03T05:53:08","slug":"kontakt","status":"publish","type":"page","link":"https:\/\/www.vastseliina.ee\/rahvamaja\/kontakt\/","title":{"rendered":"Kontakt"},"content":{"rendered":"\t\t<div data-elementor-type=\"wp-page\" data-elementor-id=\"158\" class=\"elementor elementor-158\">\n\t\t\t\t\t\t\t\t\t<section class=\"elementor-section elementor-top-section elementor-element elementor-element-fa46e26 elementor-section-boxed elementor-section-height-default elementor-section-height-default\" data-id=\"fa46e26\" data-element_type=\"section\">\n\t\t\t\t\t\t<div class=\"elementor-container elementor-column-gap-default\">\n\t\t\t\t\t<div class=\"elementor-column elementor-col-100 elementor-top-column elementor-element elementor-element-35594dab\" data-id=\"35594dab\" data-element_type=\"column\">\n\t\t\t<div class=\"elementor-widget-wrap elementor-element-populated\">\n\t\t\t\t\t\t\t\t<div class=\"elementor-element elementor-element-2cfbe75 elementor-widget elementor-widget-text-editor\" data-id=\"2cfbe75\" data-element_type=\"widget\" data-widget_type=\"text-editor.default\">\n\t\t\t\t<div class=\"elementor-widget-container\">\n\t\t\t<style>\/*! elementor - v3.6.4 - 13-04-2022 *\/\n.elementor-widget-text-editor.elementor-drop-cap-view-stacked .elementor-drop-cap{background-color:#818a91;color:#fff}.elementor-widget-text-editor.elementor-drop-cap-view-framed .elementor-drop-cap{color:#818a91;border:3px solid;background-color:transparent}.elementor-widget-text-editor:not(.elementor-drop-cap-view-default) .elementor-drop-cap{margin-top:8px}.elementor-widget-text-editor:not(.elementor-drop-cap-view-default) .elementor-drop-cap-letter{width:1em;height:1em}.elementor-widget-text-editor .elementor-drop-cap{float:left;text-align:center;line-height:1;font-size:50px}.elementor-widget-text-editor .elementor-drop-cap-letter{display:inline-block}<\/style>\t\t\t\t<div data-colibri-id=\"158-c1\">\n<div data-colibri-component=\"section\" data-colibri-id=\"158-c2\">\n<div>\n<div data-colibri-id=\"158-c3\">\n<div>\n<div>\n<div data-colibri-id=\"158-c4\">\n<div>\n<div data-colibri-id=\"158-c5\">\n<div>\n<h2>Vastseliina Rahvamaja<\/h2>\n<h5 style=\"margin-top: 0px; font-style: normal; font-variant-ligatures: normal; font-variant-caps: normal;\">REG KOOD<\/h5>\n<h5>\n<div style=\"font-style: normal; font-variant-ligatures: normal; font-variant-caps: normal; font-weight: 400; font-size: 15px; font-family: Roboto, sans-serif; text-transform: none;\">75021110<\/div>\n<\/h5>\n<h5>AADRESS<\/h5>\n<div>V\u00f5idu tn. 38, Vastseliina,&nbsp; V\u00f5ru vald, 65201 V\u00f5rumaa<\/div>\n<\/div>\n<\/div>\n<div data-colibri-id=\"158-c7\">\n<div>\n<h5>Telefon<\/h5>\n<div>78 51 178<\/div>\n<div>53 454 214<\/div><div><h5 style=\"font-style: normal; font-variant-ligatures: normal; font-variant-caps: normal;\">E-POST<\/h5><div style=\"font-style: normal; font-variant-ligatures: normal; font-variant-caps: normal; font-weight: 400; font-size: 15px; font-family: Roboto, sans-serif;\">VastseliinaRahvamaja@edu.voruvald.ee<\/div><\/div>\n<\/div>\n<\/div>\n<div data-colibri-id=\"158-c9\">\n<div>\n<h5>LAHTIOLEKU AJAD<\/h5>\n<div>E T K N R = 8.00 &#8211; 17.00<\/div><\/div><\/div>\n<div data-colibri-id=\"158-c15\">\n<div>\n<h5>LISAINFO<\/h5>\n<div>S\u00fcndmuste ajal rahvamaja lahtioleku kellaajad muutuvad. Vastseliina rahvamajja p\u00e4\u00e4seb ka ratastooliga.<\/div>\n<\/div>\n<\/div>\n<\/div>\n<\/div>\n<\/div>\n<\/div>\n<\/div>\n<\/div>\n<\/div>\n<\/div>\t\t\t\t\t\t<\/div>\n\t\t\t\t<\/div>\n\t\t\t\t\t<\/div>\n\t\t<\/div>\n\t\t\t\t\t\t\t<\/div>\n\t\t<\/section>\n\t\t\t\t<section class=\"elementor-section elementor-top-section elementor-element elementor-element-9964414 elementor-section-boxed elementor-section-height-default elementor-section-height-default\" data-id=\"9964414\" data-element_type=\"section\">\n\t\t\t\t\t\t<div class=\"elementor-container elementor-column-gap-default\">\n\t\t\t\t\t<div class=\"elementor-column elementor-col-100 elementor-top-column elementor-element elementor-element-1d02181\" data-id=\"1d02181\" data-element_type=\"column\">\n\t\t\t<div class=\"elementor-widget-wrap elementor-element-populated\">\n\t\t\t\t\t\t\t\t<div class=\"elementor-element elementor-element-e40a510 elementor-widget elementor-widget-heading\" data-id=\"e40a510\" data-element_type=\"widget\" data-widget_type=\"heading.default\">\n\t\t\t\t<div class=\"elementor-widget-container\">\n\t\t\t<style>\/*! elementor - v3.6.4 - 13-04-2022 *\/\n.elementor-heading-title{padding:0;margin:0;line-height:1}.elementor-widget-heading .elementor-heading-title[class*=elementor-size-]>a{color:inherit;font-size:inherit;line-height:inherit}.elementor-widget-heading .elementor-heading-title.elementor-size-small{font-size:15px}.elementor-widget-heading .elementor-heading-title.elementor-size-medium{font-size:19px}.elementor-widget-heading .elementor-heading-title.elementor-size-large{font-size:29px}.elementor-widget-heading .elementor-heading-title.elementor-size-xl{font-size:39px}.elementor-widget-heading .elementor-heading-title.elementor-size-xxl{font-size:59px}<\/style><h2 class=\"elementor-heading-title elementor-size-large\">Kirjutage meile otse veebivormist:<\/h2>\t\t<\/div>\n\t\t\t\t<\/div>\n\t\t\t\t<div class=\"elementor-element elementor-element-febc1c9 elementor-widget elementor-widget-shortcode\" data-id=\"febc1c9\" data-element_type=\"widget\" data-widget_type=\"shortcode.default\">\n\t\t\t\t<div class=\"elementor-widget-container\">\n\t\t\t\t\t<div class=\"elementor-shortcode\"><div class=\"wpforms-container wpforms-container-full\" id=\"wpforms-1212\"><form id=\"wpforms-form-1212\" class=\"wpforms-validate wpforms-form wpforms-ajax-form\" data-formid=\"1212\" method=\"post\" enctype=\"multipart\/form-data\" action=\"\/rahvamaja\/wp-json\/wp\/v2\/pages\/158\" data-token=\"40ba1c6919515dda35027f50eb649063\"><noscript class=\"wpforms-error-noscript\">Please enable JavaScript in your browser to complete this form.<\/noscript><div class=\"wpforms-field-container\"><div id=\"wpforms-1212-field_0-container\" class=\"wpforms-field wpforms-field-name\" data-field-id=\"0\"><label class=\"wpforms-field-label\" for=\"wpforms-1212-field_0\">Nimi (Ees- ja perekonnanimi) <span class=\"wpforms-required-label\">*<\/span><\/label><input type=\"text\" id=\"wpforms-1212-field_0\" class=\"wpforms-field-medium wpforms-field-required\" name=\"wpforms[fields][0]\" required><\/div><div id=\"wpforms-1212-field_1-container\" class=\"wpforms-field wpforms-field-email\" data-field-id=\"1\"><label class=\"wpforms-field-label\" for=\"wpforms-1212-field_1\">E-post <span class=\"wpforms-required-label\">*<\/span><\/label><input type=\"email\" id=\"wpforms-1212-field_1\" class=\"wpforms-field-medium wpforms-field-required\" name=\"wpforms[fields][1]\" required><\/div><div id=\"wpforms-1212-field_2-container\" class=\"wpforms-field wpforms-field-textarea\" data-field-id=\"2\"><label class=\"wpforms-field-label\" for=\"wpforms-1212-field_2\">Sisu <span class=\"wpforms-required-label\">*<\/span><\/label><textarea id=\"wpforms-1212-field_2\" class=\"wpforms-field-medium wpforms-field-required\" name=\"wpforms[fields][2]\" required><\/textarea><\/div><\/div><div class=\"wpforms-submit-container\"><input type=\"hidden\" name=\"wpforms[id]\" value=\"1212\"><input type=\"hidden\" name=\"wpforms[author]\" value=\"2\"><button type=\"submit\" name=\"wpforms[submit]\" id=\"wpforms-submit-1212\" class=\"wpforms-submit\" data-alt-text=\"Saatmine...\" data-submit-text=\"Saada\" aria-live=\"assertive\" value=\"wpforms-submit\">Saada<\/button><img decoding=\"async\" loading=\"lazy\" src=\"https:\/\/www.vastseliina.ee\/rahvamaja\/wp-content\/plugins\/wpforms-lite\/assets\/images\/submit-spin.svg\" class=\"wpforms-submit-spinner\" style=\"display: none;\" width=\"26\" height=\"26\" alt=\"\"><\/div><\/form><\/div>  <!-- .wpforms-container --><\/div>\n\t\t\t\t<\/div>\n\t\t\t\t<\/div>\n\t\t\t\t\t<\/div>\n\t\t<\/div>\n\t\t\t\t\t\t\t<\/div>\n\t\t<\/section>\n\t\t\t\t\t\t\t<\/div>\n\t\t","protected":false},"excerpt":{"rendered":"<p>Vastseliina Rahvamaja REG KOOD 75021110 AADRESS V\u00f5idu tn. 38, Vastseliina,&nbsp; V\u00f5ru vald, 65201 V\u00f5rumaa Telefon 78 51 178 53 454 214 E-POST VastseliinaRahvamaja@edu.voruvald.ee LAHTIOLEKU AJAD E T K N R = 8.00 &#8211; 17.00 LISAINFO S\u00fcndmuste ajal rahvamaja lahtioleku kellaajad muutuvad. Vastseliina rahvamajja p\u00e4\u00e4seb ka ratastooliga. Kirjutage meile otse veebivormist:<\/p>\n","protected":false},"author":2,"featured_media":0,"parent":0,"menu_order":0,"comment_status":"closed","ping_status":"closed","template":"","meta":[],"yoast_head":"<!-- This site is optimized with the Yoast SEO plugin v18.6 - https:\/\/yoast.com\/wordpress\/plugins\/seo\/ -->\n<title>Kontakt - Vastseliina rahvamaja<\/title>\n<meta name=\"robots\" content=\"index, follow, max-snippet:-1, max-image-preview:large, max-video-preview:-1\" \/>\n<link rel=\"canonical\" href=\"https:\/\/www.vastseliina.ee\/rahvamaja\/kontakt\/\" \/>\n<meta property=\"og:locale\" content=\"et_EE\" \/>\n<meta property=\"og:type\" content=\"article\" \/>\n<meta property=\"og:title\" content=\"Kontakt - Vastseliina rahvamaja\" \/>\n<meta property=\"og:description\" content=\"Vastseliina Rahvamaja REG KOOD 75021110 AADRESS V\u00f5idu tn. 38, Vastseliina,&nbsp; V\u00f5ru vald, 65201 V\u00f5rumaa Telefon 78 51 178 53 454 214 E-POST VastseliinaRahvamaja@edu.voruvald.ee LAHTIOLEKU AJAD E T K N R = 8.00 &#8211; 17.00 LISAINFO S\u00fcndmuste ajal rahvamaja lahtioleku kellaajad muutuvad. Vastseliina rahvamajja p\u00e4\u00e4seb ka ratastooliga. Kirjutage meile otse veebivormist:\" \/>\n<meta property=\"og:url\" content=\"https:\/\/www.vastseliina.ee\/rahvamaja\/kontakt\/\" \/>\n<meta property=\"og:site_name\" content=\"Vastseliina rahvamaja\" \/>\n<meta property=\"article:modified_time\" content=\"2022-05-03T05:53:08+00:00\" \/>\n<meta name=\"twitter:card\" content=\"summary_large_image\" \/>\n<meta name=\"twitter:label1\" content=\"Est. reading time\" \/>\n\t<meta name=\"twitter:data1\" content=\"1 minut\" \/>\n<script type=\"application\/ld+json\" class=\"yoast-schema-graph\">{\"@context\":\"https:\/\/schema.org\",\"@graph\":[{\"@type\":\"WebSite\",\"@id\":\"https:\/\/www.vastseliina.ee\/rahvamaja\/#website\",\"url\":\"https:\/\/www.vastseliina.ee\/rahvamaja\/\",\"name\":\"Vastseliina rahvamaja\",\"description\":\"Tegemist on Vastseliina rahvamaja veebilehega.\",\"potentialAction\":[{\"@type\":\"SearchAction\",\"target\":{\"@type\":\"EntryPoint\",\"urlTemplate\":\"https:\/\/www.vastseliina.ee\/rahvamaja\/?s={search_term_string}\"},\"query-input\":\"required name=search_term_string\"}],\"inLanguage\":\"et\"},{\"@type\":\"WebPage\",\"@id\":\"https:\/\/www.vastseliina.ee\/rahvamaja\/kontakt\/#webpage\",\"url\":\"https:\/\/www.vastseliina.ee\/rahvamaja\/kontakt\/\",\"name\":\"Kontakt - Vastseliina rahvamaja\",\"isPartOf\":{\"@id\":\"https:\/\/www.vastseliina.ee\/rahvamaja\/#website\"},\"datePublished\":\"2022-04-07T09:16:18+00:00\",\"dateModified\":\"2022-05-03T05:53:08+00:00\",\"breadcrumb\":{\"@id\":\"https:\/\/www.vastseliina.ee\/rahvamaja\/kontakt\/#breadcrumb\"},\"inLanguage\":\"et\",\"potentialAction\":[{\"@type\":\"ReadAction\",\"target\":[\"https:\/\/www.vastseliina.ee\/rahvamaja\/kontakt\/\"]}]},{\"@type\":\"BreadcrumbList\",\"@id\":\"https:\/\/www.vastseliina.ee\/rahvamaja\/kontakt\/#breadcrumb\",\"itemListElement\":[{\"@type\":\"ListItem\",\"position\":1,\"name\":\"Kodu\",\"item\":\"https:\/\/www.vastseliina.ee\/rahvamaja\/\"},{\"@type\":\"ListItem\",\"position\":2,\"name\":\"Kontakt\"}]}]}<\/script>\n<!-- \/ Yoast SEO plugin. -->","yoast_head_json":{"title":"Kontakt - Vastseliina rahvamaja","robots":{"index":"index","follow":"follow","max-snippet":"max-snippet:-1","max-image-preview":"max-image-preview:large","max-video-preview":"max-video-preview:-1"},"canonical":"https:\/\/www.vastseliina.ee\/rahvamaja\/kontakt\/","og_locale":"et_EE","og_type":"article","og_title":"Kontakt - Vastseliina rahvamaja","og_description":"Vastseliina Rahvamaja REG KOOD 75021110 AADRESS V\u00f5idu tn. 38, Vastseliina,&nbsp; V\u00f5ru vald, 65201 V\u00f5rumaa Telefon 78 51 178 53 454 214 E-POST VastseliinaRahvamaja@edu.voruvald.ee LAHTIOLEKU AJAD E T K N R = 8.00 &#8211; 17.00 LISAINFO S\u00fcndmuste ajal rahvamaja lahtioleku kellaajad muutuvad. Vastseliina rahvamajja p\u00e4\u00e4seb ka ratastooliga. Kirjutage meile otse veebivormist:","og_url":"https:\/\/www.vastseliina.ee\/rahvamaja\/kontakt\/","og_site_name":"Vastseliina rahvamaja","article_modified_time":"2022-05-03T05:53:08+00:00","twitter_card":"summary_large_image","twitter_misc":{"Est. reading time":"1 minut"},"schema":{"@context":"https:\/\/schema.org","@graph":[{"@type":"WebSite","@id":"https:\/\/www.vastseliina.ee\/rahvamaja\/#website","url":"https:\/\/www.vastseliina.ee\/rahvamaja\/","name":"Vastseliina rahvamaja","description":"Tegemist on Vastseliina rahvamaja veebilehega.","potentialAction":[{"@type":"SearchAction","target":{"@type":"EntryPoint","urlTemplate":"https:\/\/www.vastseliina.ee\/rahvamaja\/?s={search_term_string}"},"query-input":"required name=search_term_string"}],"inLanguage":"et"},{"@type":"WebPage","@id":"https:\/\/www.vastseliina.ee\/rahvamaja\/kontakt\/#webpage","url":"https:\/\/www.vastseliina.ee\/rahvamaja\/kontakt\/","name":"Kontakt - Vastseliina rahvamaja","isPartOf":{"@id":"https:\/\/www.vastseliina.ee\/rahvamaja\/#website"},"datePublished":"2022-04-07T09:16:18+00:00","dateModified":"2022-05-03T05:53:08+00:00","breadcrumb":{"@id":"https:\/\/www.vastseliina.ee\/rahvamaja\/kontakt\/#breadcrumb"},"inLanguage":"et","potentialAction":[{"@type":"ReadAction","target":["https:\/\/www.vastseliina.ee\/rahvamaja\/kontakt\/"]}]},{"@type":"BreadcrumbList","@id":"https:\/\/www.vastseliina.ee\/rahvamaja\/kontakt\/#breadcrumb","itemListElement":[{"@type":"ListItem","position":1,"name":"Kodu","item":"https:\/\/www.vastseliina.ee\/rahvamaja\/"},{"@type":"ListItem","position":2,"name":"Kontakt"}]}]}},"_links":{"self":[{"href":"https:\/\/www.vastseliina.ee\/rahvamaja\/wp-json\/wp\/v2\/pages\/158"}],"collection":[{"href":"https:\/\/www.vastseliina.ee\/rahvamaja\/wp-json\/wp\/v2\/pages"}],"about":[{"href":"https:\/\/www.vastseliina.ee\/rahvamaja\/wp-json\/wp\/v2\/types\/page"}],"author":[{"embeddable":true,"href":"https:\/\/www.vastseliina.ee\/rahvamaja\/wp-json\/wp\/v2\/users\/2"}],"replies":[{"embeddable":true,"href":"https:\/\/www.vastseliina.ee\/rahvamaja\/wp-json\/wp\/v2\/comments?post=158"}],"version-history":[{"count":50,"href":"https:\/\/www.vastseliina.ee\/rahvamaja\/wp-json\/wp\/v2\/pages\/158\/revisions"}],"predecessor-version":[{"id":1217,"href":"https:\/\/www.vastseliina.ee\/rahvamaja\/wp-json\/wp\/v2\/pages\/158\/revisions\/1217"}],"wp:attachment":[{"href":"https:\/\/www.vastseliina.ee\/rahvamaja\/wp-json\/wp\/v2\/media?parent=158"}],"curies":[{"name":"wp","href":"https:\/\/api.w.org\/{rel}","templated":true}]}}