{"id":2,"date":"2022-03-06T11:16:44","date_gmt":"2022-03-06T11:16:44","guid":{"rendered":"https:\/\/www.vastseliina.ee\/rahvamaja\/?page_id=2"},"modified":"2023-11-27T18:09:12","modified_gmt":"2023-11-27T15:09:12","slug":"huvitegevus","status":"publish","type":"page","link":"https:\/\/www.vastseliina.ee\/rahvamaja\/huvitegevus\/","title":{"rendered":"Huvitegevus"},"content":{"rendered":"<p><a role=\"button\" href=\"https:\/\/www.vastseliina.ee\/rahvamaja\/rahvamaja-ringid\/\"><br \/>\nRahvamaja Ringid<br \/>\n<\/a><br \/>\n<a role=\"button\" href=\"https:\/\/www.vastseliina.ee\/rahvamaja\/huvitegevus-2023-24\"><br \/>\nHuvitegevus 2023\/2024<br \/>\n<\/a><br \/>\n<a role=\"button\" href=\"https:\/\/www.vastseliina.ee\/rahvamaja\/mtu-vastseliina-kasitoouhing\/\"><br \/>\nMT\u00dc Vastseliina K\u00e4sit\u00f6\u00f6\u00fching<br \/>\n<\/a><\/p>\n","protected":false},"excerpt":{"rendered":"<p>Rahvamaja Ringid Huvitegevus 2023\/2024 MT\u00dc Vastseliina K\u00e4sit\u00f6\u00f6\u00fching<\/p>\n","protected":false},"author":3,"featured_media":0,"parent":0,"menu_order":1,"comment_status":"closed","ping_status":"open","template":"","meta":[],"yoast_head":"<!-- This site is optimized with the Yoast SEO plugin v18.6 - https:\/\/yoast.com\/wordpress\/plugins\/seo\/ -->\n<title>Huvitegevus - Vastseliina rahvamaja<\/title>\n<meta name=\"robots\" content=\"index, follow, max-snippet:-1, max-image-preview:large, max-video-preview:-1\" \/>\n<link rel=\"canonical\" href=\"https:\/\/www.vastseliina.ee\/rahvamaja\/huvitegevus\/\" \/>\n<meta property=\"og:locale\" content=\"et_EE\" \/>\n<meta property=\"og:type\" content=\"article\" \/>\n<meta property=\"og:title\" content=\"Huvitegevus - Vastseliina rahvamaja\" \/>\n<meta property=\"og:description\" content=\"Rahvamaja Ringid Huvitegevus 2023\/2024 MT\u00dc Vastseliina K\u00e4sit\u00f6\u00f6\u00fching\" \/>\n<meta property=\"og:url\" content=\"https:\/\/www.vastseliina.ee\/rahvamaja\/huvitegevus\/\" \/>\n<meta property=\"og:site_name\" content=\"Vastseliina rahvamaja\" \/>\n<meta property=\"article:modified_time\" content=\"2023-11-27T15:09:12+00:00\" \/>\n<meta name=\"twitter:card\" content=\"summary_large_image\" \/>\n<meta name=\"twitter:label1\" content=\"Est. reading time\" \/>\n\t<meta name=\"twitter:data1\" content=\"1 minut\" \/>\n<script type=\"application\/ld+json\" class=\"yoast-schema-graph\">{\"@context\":\"https:\/\/schema.org\",\"@graph\":[{\"@type\":\"WebSite\",\"@id\":\"https:\/\/www.vastseliina.ee\/rahvamaja\/#website\",\"url\":\"https:\/\/www.vastseliina.ee\/rahvamaja\/\",\"name\":\"Vastseliina rahvamaja\",\"description\":\"Tegemist on Vastseliina rahvamaja veebilehega.\",\"potentialAction\":[{\"@type\":\"SearchAction\",\"target\":{\"@type\":\"EntryPoint\",\"urlTemplate\":\"https:\/\/www.vastseliina.ee\/rahvamaja\/?s={search_term_string}\"},\"query-input\":\"required name=search_term_string\"}],\"inLanguage\":\"et\"},{\"@type\":\"WebPage\",\"@id\":\"https:\/\/www.vastseliina.ee\/rahvamaja\/huvitegevus\/#webpage\",\"url\":\"https:\/\/www.vastseliina.ee\/rahvamaja\/huvitegevus\/\",\"name\":\"Huvitegevus - Vastseliina rahvamaja\",\"isPartOf\":{\"@id\":\"https:\/\/www.vastseliina.ee\/rahvamaja\/#website\"},\"datePublished\":\"2022-03-06T11:16:44+00:00\",\"dateModified\":\"2023-11-27T15:09:12+00:00\",\"breadcrumb\":{\"@id\":\"https:\/\/www.vastseliina.ee\/rahvamaja\/huvitegevus\/#breadcrumb\"},\"inLanguage\":\"et\",\"potentialAction\":[{\"@type\":\"ReadAction\",\"target\":[\"https:\/\/www.vastseliina.ee\/rahvamaja\/huvitegevus\/\"]}]},{\"@type\":\"BreadcrumbList\",\"@id\":\"https:\/\/www.vastseliina.ee\/rahvamaja\/huvitegevus\/#breadcrumb\",\"itemListElement\":[{\"@type\":\"ListItem\",\"position\":1,\"name\":\"Kodu\",\"item\":\"https:\/\/www.vastseliina.ee\/rahvamaja\/\"},{\"@type\":\"ListItem\",\"position\":2,\"name\":\"Huvitegevus\"}]}]}<\/script>\n<!-- \/ Yoast SEO plugin. -->","yoast_head_json":{"title":"Huvitegevus - Vastseliina rahvamaja","robots":{"index":"index","follow":"follow","max-snippet":"max-snippet:-1","max-image-preview":"max-image-preview:large","max-video-preview":"max-video-preview:-1"},"canonical":"https:\/\/www.vastseliina.ee\/rahvamaja\/huvitegevus\/","og_locale":"et_EE","og_type":"article","og_title":"Huvitegevus - Vastseliina rahvamaja","og_description":"Rahvamaja Ringid Huvitegevus 2023\/2024 MT\u00dc Vastseliina K\u00e4sit\u00f6\u00f6\u00fching","og_url":"https:\/\/www.vastseliina.ee\/rahvamaja\/huvitegevus\/","og_site_name":"Vastseliina rahvamaja","article_modified_time":"2023-11-27T15:09:12+00:00","twitter_card":"summary_large_image","twitter_misc":{"Est. reading time":"1 minut"},"schema":{"@context":"https:\/\/schema.org","@graph":[{"@type":"WebSite","@id":"https:\/\/www.vastseliina.ee\/rahvamaja\/#website","url":"https:\/\/www.vastseliina.ee\/rahvamaja\/","name":"Vastseliina rahvamaja","description":"Tegemist on Vastseliina rahvamaja veebilehega.","potentialAction":[{"@type":"SearchAction","target":{"@type":"EntryPoint","urlTemplate":"https:\/\/www.vastseliina.ee\/rahvamaja\/?s={search_term_string}"},"query-input":"required name=search_term_string"}],"inLanguage":"et"},{"@type":"WebPage","@id":"https:\/\/www.vastseliina.ee\/rahvamaja\/huvitegevus\/#webpage","url":"https:\/\/www.vastseliina.ee\/rahvamaja\/huvitegevus\/","name":"Huvitegevus - Vastseliina rahvamaja","isPartOf":{"@id":"https:\/\/www.vastseliina.ee\/rahvamaja\/#website"},"datePublished":"2022-03-06T11:16:44+00:00","dateModified":"2023-11-27T15:09:12+00:00","breadcrumb":{"@id":"https:\/\/www.vastseliina.ee\/rahvamaja\/huvitegevus\/#breadcrumb"},"inLanguage":"et","potentialAction":[{"@type":"ReadAction","target":["https:\/\/www.vastseliina.ee\/rahvamaja\/huvitegevus\/"]}]},{"@type":"BreadcrumbList","@id":"https:\/\/www.vastseliina.ee\/rahvamaja\/huvitegevus\/#breadcrumb","itemListElement":[{"@type":"ListItem","position":1,"name":"Kodu","item":"https:\/\/www.vastseliina.ee\/rahvamaja\/"},{"@type":"ListItem","position":2,"name":"Huvitegevus"}]}]}},"_links":{"self":[{"href":"https:\/\/www.vastseliina.ee\/rahvamaja\/wp-json\/wp\/v2\/pages\/2"}],"collection":[{"href":"https:\/\/www.vastseliina.ee\/rahvamaja\/wp-json\/wp\/v2\/pages"}],"about":[{"href":"https:\/\/www.vastseliina.ee\/rahvamaja\/wp-json\/wp\/v2\/types\/page"}],"author":[{"embeddable":true,"href":"https:\/\/www.vastseliina.ee\/rahvamaja\/wp-json\/wp\/v2\/users\/3"}],"replies":[{"embeddable":true,"href":"https:\/\/www.vastseliina.ee\/rahvamaja\/wp-json\/wp\/v2\/comments?post=2"}],"version-history":[{"count":32,"href":"https:\/\/www.vastseliina.ee\/rahvamaja\/wp-json\/wp\/v2\/pages\/2\/revisions"}],"predecessor-version":[{"id":1266,"href":"https:\/\/www.vastseliina.ee\/rahvamaja\/wp-json\/wp\/v2\/pages\/2\/revisions\/1266"}],"wp:attachment":[{"href":"https:\/\/www.vastseliina.ee\/rahvamaja\/wp-json\/wp\/v2\/media?parent=2"}],"curies":[{"name":"wp","href":"https:\/\/api.w.org\/{rel}","templated":true}]}}