{"id":286,"date":"2022-04-08T08:55:34","date_gmt":"2022-04-08T05:55:34","guid":{"rendered":"https:\/\/www.vastseliina.ee\/rahvamaja\/?page_id=286"},"modified":"2022-04-20T08:43:34","modified_gmt":"2022-04-20T05:43:34","slug":"mtu-vastseliina-kasitoouhing","status":"publish","type":"page","link":"https:\/\/www.vastseliina.ee\/rahvamaja\/mtu-vastseliina-kasitoouhing\/","title":{"rendered":"MT\u00dc Vastseliina k\u00e4sit\u00f6\u00f6\u00fching"},"content":{"rendered":"\t\t<div data-elementor-type=\"wp-page\" data-elementor-id=\"286\" class=\"elementor elementor-286\">\n\t\t\t\t\t\t\t\t\t<section class=\"elementor-section elementor-top-section elementor-element elementor-element-11d08f5f elementor-section-boxed elementor-section-height-default elementor-section-height-default\" data-id=\"11d08f5f\" data-element_type=\"section\">\n\t\t\t\t\t\t<div class=\"elementor-container elementor-column-gap-default\">\n\t\t\t\t\t<div class=\"elementor-column elementor-col-100 elementor-top-column elementor-element elementor-element-5287046b\" data-id=\"5287046b\" data-element_type=\"column\">\n\t\t\t<div class=\"elementor-widget-wrap elementor-element-populated\">\n\t\t\t\t\t\t\t\t<div class=\"elementor-element elementor-element-390d4e7f elementor-widget elementor-widget-text-editor\" data-id=\"390d4e7f\" data-element_type=\"widget\" data-widget_type=\"text-editor.default\">\n\t\t\t\t<div class=\"elementor-widget-container\">\n\t\t\t<style>\/*! elementor - v3.6.4 - 13-04-2022 *\/\n.elementor-widget-text-editor.elementor-drop-cap-view-stacked .elementor-drop-cap{background-color:#818a91;color:#fff}.elementor-widget-text-editor.elementor-drop-cap-view-framed .elementor-drop-cap{color:#818a91;border:3px solid;background-color:transparent}.elementor-widget-text-editor:not(.elementor-drop-cap-view-default) .elementor-drop-cap{margin-top:8px}.elementor-widget-text-editor:not(.elementor-drop-cap-view-default) .elementor-drop-cap-letter{width:1em;height:1em}.elementor-widget-text-editor .elementor-drop-cap{float:left;text-align:center;line-height:1;font-size:50px}.elementor-widget-text-editor .elementor-drop-cap-letter{display:inline-block}<\/style>\t\t\t\t<div class=\"style-494 style-local-286-c1 position-relative\" data-colibri-id=\"286-c1\"><div id=\"custom\" class=\"h-section h-section-global-spacing d-flex align-items-lg-center align-items-md-center align-items-center style-517 style-local-286-c43 position-relative\" data-colibri-component=\"section\" data-colibri-id=\"286-c43\"><div class=\"h-section-grid-container h-section-boxed-container\"><div class=\"h-row-container gutters-row-lg-2 gutters-row-md-2 gutters-row-0 gutters-row-v-lg-2 gutters-row-v-md-2 gutters-row-v-2 style-526 style-local-286-c53 position-relative\" data-colibri-id=\"286-c53\"><div class=\"h-row justify-content-lg-center justify-content-md-center justify-content-center align-items-lg-stretch align-items-md-stretch align-items-stretch gutters-col-lg-2 gutters-col-md-2 gutters-col-0 gutters-col-v-lg-2 gutters-col-v-md-2 gutters-col-v-2\"><div class=\"h-column h-column-container d-flex h-col-lg-auto h-col-md-auto h-col-auto style-527-outer style-local-286-c54-outer\"><div class=\"d-flex h-flex-basis h-column__inner h-px-lg-2 h-px-md-2 h-px-2 v-inner-lg-2 v-inner-md-2 v-inner-2 style-527 style-local-286-c54 position-relative\" data-colibri-id=\"286-c54\"><div class=\"w-100 h-y-container h-column__content h-column__v-align flex-basis-100 align-self-lg-start align-self-md-start align-self-start\"><div class=\"h-global-transition-all h-heading style-523 style-local-286-c55 position-relative h-element\" data-colibri-id=\"286-c55\"><div class=\"h-heading__outer style-523 style-local-286-c55\"><p><span style=\"font-size: 15px;\">517 7356<\/span><\/p><\/div><\/div><\/div><\/div><\/div><\/div><\/div><div class=\"h-row-container gutters-row-lg-2 gutters-row-md-2 gutters-row-0 gutters-row-v-lg-2 gutters-row-v-md-2 gutters-row-v-2 style-524 style-local-286-c50 position-relative\" data-colibri-id=\"286-c50\"><div class=\"h-row justify-content-lg-center justify-content-md-center justify-content-center align-items-lg-stretch align-items-md-stretch align-items-stretch gutters-col-lg-2 gutters-col-md-2 gutters-col-0 gutters-col-v-lg-2 gutters-col-v-md-2 gutters-col-v-2\"><div class=\"h-column h-column-container d-flex h-col-lg-auto h-col-md-auto h-col-auto style-525-outer style-local-286-c51-outer\"><div class=\"d-flex h-flex-basis h-column__inner h-px-lg-2 h-px-md-2 h-px-2 v-inner-lg-2 v-inner-md-2 v-inner-2 style-525 style-local-286-c51 position-relative\" data-colibri-id=\"286-c51\"><div class=\"w-100 h-y-container h-column__content h-column__v-align flex-basis-100 align-self-lg-start align-self-md-start align-self-start\"><div class=\"h-text h-text-component style-520 style-local-286-c52 position-relative h-element\" data-colibri-id=\"286-c52\"><div class=\"\"><p>vastseliinakasitoo@gmail.com<\/p><p>MT\u00dc Vastseliina K\u00e4sit\u00f6\u00f6\u00fchingu facebooki lehe leiate siit:<a href=\"http:\/\/www.facebook.com\/vastseliinakasitoo\/\"> http:\/\/www.facebook.com\/vastseliinakasitoo\/<\/a><\/p><\/div><\/div><\/div><\/div><\/div><\/div><\/div><\/div><\/div><\/div>\t\t\t\t\t\t<\/div>\n\t\t\t\t<\/div>\n\t\t\t\t\t<\/div>\n\t\t<\/div>\n\t\t\t\t\t\t\t<\/div>\n\t\t<\/section>\n\t\t\t\t<section class=\"elementor-section elementor-top-section elementor-element elementor-element-ea15554 elementor-section-boxed elementor-section-height-default elementor-section-height-default\" data-id=\"ea15554\" data-element_type=\"section\">\n\t\t\t\t\t\t<div class=\"elementor-container elementor-column-gap-default\">\n\t\t\t\t\t<div class=\"elementor-column elementor-col-100 elementor-top-column elementor-element elementor-element-fcabd5e\" data-id=\"fcabd5e\" data-element_type=\"column\">\n\t\t\t<div class=\"elementor-widget-wrap elementor-element-populated\">\n\t\t\t\t\t\t\t\t<div class=\"elementor-element elementor-element-e9c279f elementor-widget elementor-widget-image\" data-id=\"e9c279f\" data-element_type=\"widget\" data-widget_type=\"image.default\">\n\t\t\t\t<div class=\"elementor-widget-container\">\n\t\t\t<style>\/*! elementor - v3.6.4 - 13-04-2022 *\/\n.elementor-widget-image{text-align:center}.elementor-widget-image a{display:inline-block}.elementor-widget-image a img[src$=\".svg\"]{width:48px}.elementor-widget-image img{vertical-align:middle;display:inline-block}<\/style>\t\t\t\t\t\t\t\t\t\t\t\t\t<a href=\"http:\/\/www.facebook.com\/vastseliinakasitoo\/\" target=\"_blank\">\n\t\t\t\t\t\t\t<img decoding=\"async\" width=\"762\" height=\"395\" src=\"https:\/\/www.vastseliina.ee\/rahvamaja\/wp-content\/uploads\/2022\/04\/vastseliinakasitoouhing-1024x531.png\" class=\"attachment-large size-large\" alt=\"\" loading=\"lazy\" srcset=\"https:\/\/www.vastseliina.ee\/rahvamaja\/wp-content\/uploads\/2022\/04\/vastseliinakasitoouhing-1024x531.png 1024w, https:\/\/www.vastseliina.ee\/rahvamaja\/wp-content\/uploads\/2022\/04\/vastseliinakasitoouhing-300x156.png 300w, https:\/\/www.vastseliina.ee\/rahvamaja\/wp-content\/uploads\/2022\/04\/vastseliinakasitoouhing-768x398.png 768w, https:\/\/www.vastseliina.ee\/rahvamaja\/wp-content\/uploads\/2022\/04\/vastseliinakasitoouhing-449x233.png 449w, https:\/\/www.vastseliina.ee\/rahvamaja\/wp-content\/uploads\/2022\/04\/vastseliinakasitoouhing.png 1172w\" sizes=\"(max-width: 762px) 100vw, 762px\" \/>\t\t\t\t\t\t\t\t<\/a>\n\t\t\t\t\t\t\t\t\t\t\t\t\t\t\t<\/div>\n\t\t\t\t<\/div>\n\t\t\t\t\t<\/div>\n\t\t<\/div>\n\t\t\t\t\t\t\t<\/div>\n\t\t<\/section>\n\t\t\t\t\t\t\t<\/div>\n\t\t","protected":false},"excerpt":{"rendered":"<p>517 7356 vastseliinakasitoo@gmail.com MT\u00dc Vastseliina K\u00e4sit\u00f6\u00f6\u00fchingu facebooki lehe leiate siit: http:\/\/www.facebook.com\/vastseliinakasitoo\/<\/p>\n","protected":false},"author":2,"featured_media":0,"parent":0,"menu_order":0,"comment_status":"closed","ping_status":"closed","template":"","meta":[],"yoast_head":"<!-- This site is optimized with the Yoast SEO plugin v18.6 - https:\/\/yoast.com\/wordpress\/plugins\/seo\/ -->\n<title>MT\u00dc Vastseliina k\u00e4sit\u00f6\u00f6\u00fching - Vastseliina rahvamaja<\/title>\n<meta name=\"robots\" content=\"index, follow, max-snippet:-1, max-image-preview:large, max-video-preview:-1\" \/>\n<link rel=\"canonical\" href=\"https:\/\/www.vastseliina.ee\/rahvamaja\/mtu-vastseliina-kasitoouhing\/\" \/>\n<meta property=\"og:locale\" content=\"et_EE\" \/>\n<meta property=\"og:type\" content=\"article\" \/>\n<meta property=\"og:title\" content=\"MT\u00dc Vastseliina k\u00e4sit\u00f6\u00f6\u00fching - Vastseliina rahvamaja\" \/>\n<meta property=\"og:description\" content=\"517 7356 vastseliinakasitoo@gmail.com MT\u00dc Vastseliina K\u00e4sit\u00f6\u00f6\u00fchingu facebooki lehe leiate siit: http:\/\/www.facebook.com\/vastseliinakasitoo\/\" \/>\n<meta property=\"og:url\" content=\"https:\/\/www.vastseliina.ee\/rahvamaja\/mtu-vastseliina-kasitoouhing\/\" \/>\n<meta property=\"og:site_name\" content=\"Vastseliina rahvamaja\" \/>\n<meta property=\"article:modified_time\" content=\"2022-04-20T05:43:34+00:00\" \/>\n<meta property=\"og:image\" content=\"https:\/\/www.vastseliina.ee\/rahvamaja\/wp-content\/uploads\/2022\/04\/vastseliinakasitoouhing-1024x531.png\" \/>\n<meta name=\"twitter:card\" content=\"summary_large_image\" \/>\n<meta name=\"twitter:label1\" content=\"Est. reading time\" \/>\n\t<meta name=\"twitter:data1\" content=\"1 minut\" \/>\n<script type=\"application\/ld+json\" class=\"yoast-schema-graph\">{\"@context\":\"https:\/\/schema.org\",\"@graph\":[{\"@type\":\"WebSite\",\"@id\":\"https:\/\/www.vastseliina.ee\/rahvamaja\/#website\",\"url\":\"https:\/\/www.vastseliina.ee\/rahvamaja\/\",\"name\":\"Vastseliina rahvamaja\",\"description\":\"Tegemist on Vastseliina rahvamaja veebilehega.\",\"potentialAction\":[{\"@type\":\"SearchAction\",\"target\":{\"@type\":\"EntryPoint\",\"urlTemplate\":\"https:\/\/www.vastseliina.ee\/rahvamaja\/?s={search_term_string}\"},\"query-input\":\"required name=search_term_string\"}],\"inLanguage\":\"et\"},{\"@type\":\"ImageObject\",\"@id\":\"https:\/\/www.vastseliina.ee\/rahvamaja\/mtu-vastseliina-kasitoouhing\/#primaryimage\",\"inLanguage\":\"et\",\"url\":\"https:\/\/www.vastseliina.ee\/rahvamaja\/wp-content\/uploads\/2022\/04\/vastseliinakasitoouhing.png\",\"contentUrl\":\"https:\/\/www.vastseliina.ee\/rahvamaja\/wp-content\/uploads\/2022\/04\/vastseliinakasitoouhing.png\",\"width\":1172,\"height\":608},{\"@type\":\"WebPage\",\"@id\":\"https:\/\/www.vastseliina.ee\/rahvamaja\/mtu-vastseliina-kasitoouhing\/#webpage\",\"url\":\"https:\/\/www.vastseliina.ee\/rahvamaja\/mtu-vastseliina-kasitoouhing\/\",\"name\":\"MT\u00dc Vastseliina k\u00e4sit\u00f6\u00f6\u00fching - Vastseliina rahvamaja\",\"isPartOf\":{\"@id\":\"https:\/\/www.vastseliina.ee\/rahvamaja\/#website\"},\"primaryImageOfPage\":{\"@id\":\"https:\/\/www.vastseliina.ee\/rahvamaja\/mtu-vastseliina-kasitoouhing\/#primaryimage\"},\"datePublished\":\"2022-04-08T05:55:34+00:00\",\"dateModified\":\"2022-04-20T05:43:34+00:00\",\"breadcrumb\":{\"@id\":\"https:\/\/www.vastseliina.ee\/rahvamaja\/mtu-vastseliina-kasitoouhing\/#breadcrumb\"},\"inLanguage\":\"et\",\"potentialAction\":[{\"@type\":\"ReadAction\",\"target\":[\"https:\/\/www.vastseliina.ee\/rahvamaja\/mtu-vastseliina-kasitoouhing\/\"]}]},{\"@type\":\"BreadcrumbList\",\"@id\":\"https:\/\/www.vastseliina.ee\/rahvamaja\/mtu-vastseliina-kasitoouhing\/#breadcrumb\",\"itemListElement\":[{\"@type\":\"ListItem\",\"position\":1,\"name\":\"Kodu\",\"item\":\"https:\/\/www.vastseliina.ee\/rahvamaja\/\"},{\"@type\":\"ListItem\",\"position\":2,\"name\":\"MT\u00dc Vastseliina k\u00e4sit\u00f6\u00f6\u00fching\"}]}]}<\/script>\n<!-- \/ Yoast SEO plugin. -->","yoast_head_json":{"title":"MT\u00dc Vastseliina k\u00e4sit\u00f6\u00f6\u00fching - Vastseliina rahvamaja","robots":{"index":"index","follow":"follow","max-snippet":"max-snippet:-1","max-image-preview":"max-image-preview:large","max-video-preview":"max-video-preview:-1"},"canonical":"https:\/\/www.vastseliina.ee\/rahvamaja\/mtu-vastseliina-kasitoouhing\/","og_locale":"et_EE","og_type":"article","og_title":"MT\u00dc Vastseliina k\u00e4sit\u00f6\u00f6\u00fching - Vastseliina rahvamaja","og_description":"517 7356 vastseliinakasitoo@gmail.com MT\u00dc Vastseliina K\u00e4sit\u00f6\u00f6\u00fchingu facebooki lehe leiate siit: http:\/\/www.facebook.com\/vastseliinakasitoo\/","og_url":"https:\/\/www.vastseliina.ee\/rahvamaja\/mtu-vastseliina-kasitoouhing\/","og_site_name":"Vastseliina rahvamaja","article_modified_time":"2022-04-20T05:43:34+00:00","og_image":[{"url":"https:\/\/www.vastseliina.ee\/rahvamaja\/wp-content\/uploads\/2022\/04\/vastseliinakasitoouhing-1024x531.png"}],"twitter_card":"summary_large_image","twitter_misc":{"Est. reading time":"1 minut"},"schema":{"@context":"https:\/\/schema.org","@graph":[{"@type":"WebSite","@id":"https:\/\/www.vastseliina.ee\/rahvamaja\/#website","url":"https:\/\/www.vastseliina.ee\/rahvamaja\/","name":"Vastseliina rahvamaja","description":"Tegemist on Vastseliina rahvamaja veebilehega.","potentialAction":[{"@type":"SearchAction","target":{"@type":"EntryPoint","urlTemplate":"https:\/\/www.vastseliina.ee\/rahvamaja\/?s={search_term_string}"},"query-input":"required name=search_term_string"}],"inLanguage":"et"},{"@type":"ImageObject","@id":"https:\/\/www.vastseliina.ee\/rahvamaja\/mtu-vastseliina-kasitoouhing\/#primaryimage","inLanguage":"et","url":"https:\/\/www.vastseliina.ee\/rahvamaja\/wp-content\/uploads\/2022\/04\/vastseliinakasitoouhing.png","contentUrl":"https:\/\/www.vastseliina.ee\/rahvamaja\/wp-content\/uploads\/2022\/04\/vastseliinakasitoouhing.png","width":1172,"height":608},{"@type":"WebPage","@id":"https:\/\/www.vastseliina.ee\/rahvamaja\/mtu-vastseliina-kasitoouhing\/#webpage","url":"https:\/\/www.vastseliina.ee\/rahvamaja\/mtu-vastseliina-kasitoouhing\/","name":"MT\u00dc Vastseliina k\u00e4sit\u00f6\u00f6\u00fching - Vastseliina rahvamaja","isPartOf":{"@id":"https:\/\/www.vastseliina.ee\/rahvamaja\/#website"},"primaryImageOfPage":{"@id":"https:\/\/www.vastseliina.ee\/rahvamaja\/mtu-vastseliina-kasitoouhing\/#primaryimage"},"datePublished":"2022-04-08T05:55:34+00:00","dateModified":"2022-04-20T05:43:34+00:00","breadcrumb":{"@id":"https:\/\/www.vastseliina.ee\/rahvamaja\/mtu-vastseliina-kasitoouhing\/#breadcrumb"},"inLanguage":"et","potentialAction":[{"@type":"ReadAction","target":["https:\/\/www.vastseliina.ee\/rahvamaja\/mtu-vastseliina-kasitoouhing\/"]}]},{"@type":"BreadcrumbList","@id":"https:\/\/www.vastseliina.ee\/rahvamaja\/mtu-vastseliina-kasitoouhing\/#breadcrumb","itemListElement":[{"@type":"ListItem","position":1,"name":"Kodu","item":"https:\/\/www.vastseliina.ee\/rahvamaja\/"},{"@type":"ListItem","position":2,"name":"MT\u00dc Vastseliina k\u00e4sit\u00f6\u00f6\u00fching"}]}]}},"_links":{"self":[{"href":"https:\/\/www.vastseliina.ee\/rahvamaja\/wp-json\/wp\/v2\/pages\/286"}],"collection":[{"href":"https:\/\/www.vastseliina.ee\/rahvamaja\/wp-json\/wp\/v2\/pages"}],"about":[{"href":"https:\/\/www.vastseliina.ee\/rahvamaja\/wp-json\/wp\/v2\/types\/page"}],"author":[{"embeddable":true,"href":"https:\/\/www.vastseliina.ee\/rahvamaja\/wp-json\/wp\/v2\/users\/2"}],"replies":[{"embeddable":true,"href":"https:\/\/www.vastseliina.ee\/rahvamaja\/wp-json\/wp\/v2\/comments?post=286"}],"version-history":[{"count":11,"href":"https:\/\/www.vastseliina.ee\/rahvamaja\/wp-json\/wp\/v2\/pages\/286\/revisions"}],"predecessor-version":[{"id":1162,"href":"https:\/\/www.vastseliina.ee\/rahvamaja\/wp-json\/wp\/v2\/pages\/286\/revisions\/1162"}],"wp:attachment":[{"href":"https:\/\/www.vastseliina.ee\/rahvamaja\/wp-json\/wp\/v2\/media?parent=286"}],"curies":[{"name":"wp","href":"https:\/\/api.w.org\/{rel}","templated":true}]}}