{"id":413,"date":"2022-04-08T10:49:25","date_gmt":"2022-04-08T07:49:25","guid":{"rendered":"https:\/\/www.vastseliina.ee\/rahvamaja\/?page_id=413"},"modified":"2023-08-29T14:17:50","modified_gmt":"2023-08-29T11:17:50","slug":"uldinfo","status":"publish","type":"page","link":"https:\/\/www.vastseliina.ee\/rahvamaja\/uldinfo\/","title":{"rendered":"\u00dcldinfo"},"content":{"rendered":"\t\t<div data-elementor-type=\"wp-page\" data-elementor-id=\"413\" class=\"elementor elementor-413\">\n\t\t\t\t\t\t\t\t\t<section class=\"elementor-section elementor-top-section elementor-element elementor-element-45ae19ee elementor-section-boxed elementor-section-height-default elementor-section-height-default\" data-id=\"45ae19ee\" data-element_type=\"section\">\n\t\t\t\t\t\t<div class=\"elementor-container elementor-column-gap-default\">\n\t\t\t\t\t<div class=\"elementor-column elementor-col-100 elementor-top-column elementor-element elementor-element-4cadf1df\" data-id=\"4cadf1df\" data-element_type=\"column\">\n\t\t\t<div class=\"elementor-widget-wrap elementor-element-populated\">\n\t\t\t\t\t\t\t\t<div class=\"elementor-element elementor-element-661e58a0 elementor-widget elementor-widget-text-editor\" data-id=\"661e58a0\" data-element_type=\"widget\" data-widget_type=\"text-editor.default\">\n\t\t\t\t<div class=\"elementor-widget-container\">\n\t\t\t<style>\/*! elementor - v3.6.4 - 13-04-2022 *\/\n.elementor-widget-text-editor.elementor-drop-cap-view-stacked .elementor-drop-cap{background-color:#818a91;color:#fff}.elementor-widget-text-editor.elementor-drop-cap-view-framed .elementor-drop-cap{color:#818a91;border:3px solid;background-color:transparent}.elementor-widget-text-editor:not(.elementor-drop-cap-view-default) .elementor-drop-cap{margin-top:8px}.elementor-widget-text-editor:not(.elementor-drop-cap-view-default) .elementor-drop-cap-letter{width:1em;height:1em}.elementor-widget-text-editor .elementor-drop-cap{float:left;text-align:center;line-height:1;font-size:50px}.elementor-widget-text-editor .elementor-drop-cap-letter{display:inline-block}<\/style>\t\t\t\t<div class=\"style-596 style-local-413-c1 position-relative\" data-colibri-id=\"413-c1\"><div id=\"about\" class=\"h-section h-section-global-spacing d-flex align-items-lg-center align-items-md-center align-items-center style-810 style-local-413-c6 position-relative\" data-colibri-component=\"section\" data-colibri-id=\"413-c6\"><div class=\"h-section-grid-container h-section-boxed-container\"><div class=\"h-row-container gutters-row-lg-0 gutters-row-md-0 gutters-row-0 gutters-row-v-lg-0 gutters-row-v-md-0 gutters-row-v-0 style-811 style-local-413-c7 position-relative\" data-colibri-id=\"413-c7\"><div class=\"h-row justify-content-lg-center justify-content-md-center justify-content-center align-items-lg-stretch align-items-md-stretch align-items-stretch gutters-col-lg-0 gutters-col-md-0 gutters-col-0 gutters-col-v-lg-0 gutters-col-v-md-0 gutters-col-v-0\"><div class=\"h-column h-column-container d-flex h-col-lg-auto h-col-md-auto h-col-auto style-812-outer style-local-413-c8-outer\"><div class=\"d-flex h-flex-basis h-column__inner h-px-lg-0 h-px-md-0 h-px-0 v-inner-lg-0 v-inner-md-0 v-inner-0 style-812 style-local-413-c8 position-relative\" data-colibri-id=\"413-c8\"><div class=\"w-100 h-y-container h-column__content h-column__v-align flex-basis-100 align-self-lg-start align-self-md-start align-self-start\"><div class=\"h-global-transition-all h-heading style-814 style-local-413-c10 position-relative h-element\" data-colibri-id=\"413-c10\"><div class=\"h-heading__outer style-814 style-local-413-c10\"><h2 class=\"\">Rahvamajast<\/h2><p><img decoding=\"async\" loading=\"lazy\" class=\"alignnone size-medium wp-image-11\" src=\"https:\/\/www.vastseliina.ee\/rahvamaja\/wp-content\/uploads\/2022\/04\/juuli_08_uus_kaamera_031-300x200.jpg\" alt=\"\" width=\"300\" height=\"200\" srcset=\"https:\/\/www.vastseliina.ee\/rahvamaja\/wp-content\/uploads\/2022\/04\/juuli_08_uus_kaamera_031-300x200.jpg 300w, https:\/\/www.vastseliina.ee\/rahvamaja\/wp-content\/uploads\/2022\/04\/juuli_08_uus_kaamera_031.jpg 634w\" sizes=\"(max-width: 300px) 100vw, 300px\" \/><\/p><\/div><\/div><div class=\"h-text h-text-component style-815 style-local-413-c11 position-relative h-element\" data-colibri-id=\"413-c11\"><div class=\"\"><p>Vastseliina rajooni keskuses sai 1956. aastal valmis Vastseliina kultuurimaja, mis algselt kandis Agro-zoopropaganda maja nimetust. 1991. aastal muutus maja nimi &#8211; Vastseliina kultuurimajast sai Vastseliina Rahvamaja.<\/p><p>Vastseliina rahvamajas toimetavad Vastseliina Raamatukogu, MT\u00dc Vastseliina K\u00e4sit\u00f6\u00f6\u00fching, Vastseliina eakate klubi Heldela ja Vastseliina muusikakooli trummi\u00f5petus (klassiruum). Majas tegutseb ka kino. Rahvamajas saab\u00a0<span style=\"text-indent: 0em; color: var( --e-global-color-text ); text-align: inherit;\">vaadata erinevaid n\u00e4itusi. Vastseliina rahvamaja saal mahutab 200 istekohta. Kohvik mahutab 20 istekohta (pika laua taha ka 30). Seminariruumis ehk valges toas on 20 istekohta.\u00a0<\/span><\/p><p><span style=\"text-indent: 0em; color: var( --e-global-color-text ); text-align: inherit;\">Vastseliina rahvamajas t\u00e4histatavad\u00a0<\/span><span style=\"text-indent: 0em; color: var( --e-global-color-text ); text-align: inherit;\">traditsioonilised \u00fcritused on Eesti Vabariigi aastap\u00e4ev, p\u00e4rimusp\u00e4ev, kevadpidu, eakate v\u00e4ljas\u00f5it, advendiaja alguse t\u00e4histamine, j\u00f5ulupeod, eakatele ja lastele, j\u00f5ululaat, \u00fcle aastate aastavahetuse pidu, erinevate rahvakalendri t\u00e4htp\u00e4evade t\u00e4histamine. Lisaks toimuvad tantsu\u00f5htud, kontserdid, teatrietendused jm. Maja renoveeritit viimati 2004. aastal v\u00e4ljast ja 2005. aastal seest. 2020. aastal tehti maja \u00fcmbruses verikaalplaneering.<\/span><\/p><\/div><\/div><\/div><\/div><\/div><div class=\"h-column h-column-container d-flex h-col-lg-auto h-col-md-auto h-col-auto style-816-outer style-local-413-c12-outer\"><div class=\"d-flex h-flex-basis h-column__inner h-ui-empty-state-container h-px-lg-2 h-px-md-2 h-px-2 v-inner-lg-2 v-inner-md-2 v-inner-2 style-816 style-local-413-c12 position-relative\" data-colibri-id=\"413-c12\"><div class=\"w-100 h-y-container h-column__content h-column__v-align flex-basis-100\">\u00a0<\/div><\/div><\/div><\/div><\/div><\/div><\/div><\/div>\t\t\t\t\t\t<\/div>\n\t\t\t\t<\/div>\n\t\t\t\t\t<\/div>\n\t\t<\/div>\n\t\t\t\t\t\t\t<\/div>\n\t\t<\/section>\n\t\t\t\t\t\t\t<\/div>\n\t\t","protected":false},"excerpt":{"rendered":"<p>Rahvamajast Vastseliina rajooni keskuses sai 1956. aastal valmis Vastseliina kultuurimaja, mis algselt kandis Agro-zoopropaganda maja nimetust. 1991. aastal muutus maja nimi &#8211; Vastseliina kultuurimajast sai Vastseliina Rahvamaja. Vastseliina rahvamajas toimetavad Vastseliina Raamatukogu, MT\u00dc Vastseliina K\u00e4sit\u00f6\u00f6\u00fching, Vastseliina eakate klubi Heldela ja Vastseliina muusikakooli trummi\u00f5petus (klassiruum). Majas tegutseb ka kino. Rahvamajas saab\u00a0vaadata<\/p>\n","protected":false},"author":2,"featured_media":0,"parent":0,"menu_order":0,"comment_status":"closed","ping_status":"closed","template":"","meta":[],"yoast_head":"<!-- This site is optimized with the Yoast SEO plugin v18.6 - https:\/\/yoast.com\/wordpress\/plugins\/seo\/ -->\n<title>\u00dcldinfo - Vastseliina rahvamaja<\/title>\n<meta name=\"robots\" content=\"index, follow, max-snippet:-1, max-image-preview:large, max-video-preview:-1\" \/>\n<link rel=\"canonical\" href=\"https:\/\/www.vastseliina.ee\/rahvamaja\/uldinfo\/\" \/>\n<meta property=\"og:locale\" content=\"et_EE\" \/>\n<meta property=\"og:type\" content=\"article\" \/>\n<meta property=\"og:title\" content=\"\u00dcldinfo - Vastseliina rahvamaja\" \/>\n<meta property=\"og:description\" content=\"Rahvamajast Vastseliina rajooni keskuses sai 1956. aastal valmis Vastseliina kultuurimaja, mis algselt kandis Agro-zoopropaganda maja nimetust. 1991. aastal muutus maja nimi &#8211; Vastseliina kultuurimajast sai Vastseliina Rahvamaja. Vastseliina rahvamajas toimetavad Vastseliina Raamatukogu, MT\u00dc Vastseliina K\u00e4sit\u00f6\u00f6\u00fching, Vastseliina eakate klubi Heldela ja Vastseliina muusikakooli trummi\u00f5petus (klassiruum). Majas tegutseb ka kino. Rahvamajas saab\u00a0vaadata\" \/>\n<meta property=\"og:url\" content=\"https:\/\/www.vastseliina.ee\/rahvamaja\/uldinfo\/\" \/>\n<meta property=\"og:site_name\" content=\"Vastseliina rahvamaja\" \/>\n<meta property=\"article:modified_time\" content=\"2023-08-29T11:17:50+00:00\" \/>\n<meta property=\"og:image\" content=\"https:\/\/www.vastseliina.ee\/rahvamaja\/wp-content\/uploads\/2022\/04\/juuli_08_uus_kaamera_031-300x200.jpg\" \/>\n<meta name=\"twitter:card\" content=\"summary_large_image\" \/>\n<meta name=\"twitter:label1\" content=\"Est. reading time\" \/>\n\t<meta name=\"twitter:data1\" content=\"1 minut\" \/>\n<script type=\"application\/ld+json\" class=\"yoast-schema-graph\">{\"@context\":\"https:\/\/schema.org\",\"@graph\":[{\"@type\":\"WebSite\",\"@id\":\"https:\/\/www.vastseliina.ee\/rahvamaja\/#website\",\"url\":\"https:\/\/www.vastseliina.ee\/rahvamaja\/\",\"name\":\"Vastseliina rahvamaja\",\"description\":\"Tegemist on Vastseliina rahvamaja veebilehega.\",\"potentialAction\":[{\"@type\":\"SearchAction\",\"target\":{\"@type\":\"EntryPoint\",\"urlTemplate\":\"https:\/\/www.vastseliina.ee\/rahvamaja\/?s={search_term_string}\"},\"query-input\":\"required name=search_term_string\"}],\"inLanguage\":\"et\"},{\"@type\":\"ImageObject\",\"@id\":\"https:\/\/www.vastseliina.ee\/rahvamaja\/uldinfo\/#primaryimage\",\"inLanguage\":\"et\",\"url\":\"https:\/\/www.vastseliina.ee\/rahvamaja\/wp-content\/uploads\/2022\/04\/juuli_08_uus_kaamera_031.jpg\",\"contentUrl\":\"https:\/\/www.vastseliina.ee\/rahvamaja\/wp-content\/uploads\/2022\/04\/juuli_08_uus_kaamera_031.jpg\",\"width\":634,\"height\":422},{\"@type\":\"WebPage\",\"@id\":\"https:\/\/www.vastseliina.ee\/rahvamaja\/uldinfo\/#webpage\",\"url\":\"https:\/\/www.vastseliina.ee\/rahvamaja\/uldinfo\/\",\"name\":\"\u00dcldinfo - Vastseliina rahvamaja\",\"isPartOf\":{\"@id\":\"https:\/\/www.vastseliina.ee\/rahvamaja\/#website\"},\"primaryImageOfPage\":{\"@id\":\"https:\/\/www.vastseliina.ee\/rahvamaja\/uldinfo\/#primaryimage\"},\"datePublished\":\"2022-04-08T07:49:25+00:00\",\"dateModified\":\"2023-08-29T11:17:50+00:00\",\"breadcrumb\":{\"@id\":\"https:\/\/www.vastseliina.ee\/rahvamaja\/uldinfo\/#breadcrumb\"},\"inLanguage\":\"et\",\"potentialAction\":[{\"@type\":\"ReadAction\",\"target\":[\"https:\/\/www.vastseliina.ee\/rahvamaja\/uldinfo\/\"]}]},{\"@type\":\"BreadcrumbList\",\"@id\":\"https:\/\/www.vastseliina.ee\/rahvamaja\/uldinfo\/#breadcrumb\",\"itemListElement\":[{\"@type\":\"ListItem\",\"position\":1,\"name\":\"Kodu\",\"item\":\"https:\/\/www.vastseliina.ee\/rahvamaja\/\"},{\"@type\":\"ListItem\",\"position\":2,\"name\":\"\u00dcldinfo\"}]}]}<\/script>\n<!-- \/ Yoast SEO plugin. -->","yoast_head_json":{"title":"\u00dcldinfo - Vastseliina rahvamaja","robots":{"index":"index","follow":"follow","max-snippet":"max-snippet:-1","max-image-preview":"max-image-preview:large","max-video-preview":"max-video-preview:-1"},"canonical":"https:\/\/www.vastseliina.ee\/rahvamaja\/uldinfo\/","og_locale":"et_EE","og_type":"article","og_title":"\u00dcldinfo - Vastseliina rahvamaja","og_description":"Rahvamajast Vastseliina rajooni keskuses sai 1956. aastal valmis Vastseliina kultuurimaja, mis algselt kandis Agro-zoopropaganda maja nimetust. 1991. aastal muutus maja nimi &#8211; Vastseliina kultuurimajast sai Vastseliina Rahvamaja. Vastseliina rahvamajas toimetavad Vastseliina Raamatukogu, MT\u00dc Vastseliina K\u00e4sit\u00f6\u00f6\u00fching, Vastseliina eakate klubi Heldela ja Vastseliina muusikakooli trummi\u00f5petus (klassiruum). Majas tegutseb ka kino. Rahvamajas saab\u00a0vaadata","og_url":"https:\/\/www.vastseliina.ee\/rahvamaja\/uldinfo\/","og_site_name":"Vastseliina rahvamaja","article_modified_time":"2023-08-29T11:17:50+00:00","og_image":[{"url":"https:\/\/www.vastseliina.ee\/rahvamaja\/wp-content\/uploads\/2022\/04\/juuli_08_uus_kaamera_031-300x200.jpg"}],"twitter_card":"summary_large_image","twitter_misc":{"Est. reading time":"1 minut"},"schema":{"@context":"https:\/\/schema.org","@graph":[{"@type":"WebSite","@id":"https:\/\/www.vastseliina.ee\/rahvamaja\/#website","url":"https:\/\/www.vastseliina.ee\/rahvamaja\/","name":"Vastseliina rahvamaja","description":"Tegemist on Vastseliina rahvamaja veebilehega.","potentialAction":[{"@type":"SearchAction","target":{"@type":"EntryPoint","urlTemplate":"https:\/\/www.vastseliina.ee\/rahvamaja\/?s={search_term_string}"},"query-input":"required name=search_term_string"}],"inLanguage":"et"},{"@type":"ImageObject","@id":"https:\/\/www.vastseliina.ee\/rahvamaja\/uldinfo\/#primaryimage","inLanguage":"et","url":"https:\/\/www.vastseliina.ee\/rahvamaja\/wp-content\/uploads\/2022\/04\/juuli_08_uus_kaamera_031.jpg","contentUrl":"https:\/\/www.vastseliina.ee\/rahvamaja\/wp-content\/uploads\/2022\/04\/juuli_08_uus_kaamera_031.jpg","width":634,"height":422},{"@type":"WebPage","@id":"https:\/\/www.vastseliina.ee\/rahvamaja\/uldinfo\/#webpage","url":"https:\/\/www.vastseliina.ee\/rahvamaja\/uldinfo\/","name":"\u00dcldinfo - Vastseliina rahvamaja","isPartOf":{"@id":"https:\/\/www.vastseliina.ee\/rahvamaja\/#website"},"primaryImageOfPage":{"@id":"https:\/\/www.vastseliina.ee\/rahvamaja\/uldinfo\/#primaryimage"},"datePublished":"2022-04-08T07:49:25+00:00","dateModified":"2023-08-29T11:17:50+00:00","breadcrumb":{"@id":"https:\/\/www.vastseliina.ee\/rahvamaja\/uldinfo\/#breadcrumb"},"inLanguage":"et","potentialAction":[{"@type":"ReadAction","target":["https:\/\/www.vastseliina.ee\/rahvamaja\/uldinfo\/"]}]},{"@type":"BreadcrumbList","@id":"https:\/\/www.vastseliina.ee\/rahvamaja\/uldinfo\/#breadcrumb","itemListElement":[{"@type":"ListItem","position":1,"name":"Kodu","item":"https:\/\/www.vastseliina.ee\/rahvamaja\/"},{"@type":"ListItem","position":2,"name":"\u00dcldinfo"}]}]}},"_links":{"self":[{"href":"https:\/\/www.vastseliina.ee\/rahvamaja\/wp-json\/wp\/v2\/pages\/413"}],"collection":[{"href":"https:\/\/www.vastseliina.ee\/rahvamaja\/wp-json\/wp\/v2\/pages"}],"about":[{"href":"https:\/\/www.vastseliina.ee\/rahvamaja\/wp-json\/wp\/v2\/types\/page"}],"author":[{"embeddable":true,"href":"https:\/\/www.vastseliina.ee\/rahvamaja\/wp-json\/wp\/v2\/users\/2"}],"replies":[{"embeddable":true,"href":"https:\/\/www.vastseliina.ee\/rahvamaja\/wp-json\/wp\/v2\/comments?post=413"}],"version-history":[{"count":8,"href":"https:\/\/www.vastseliina.ee\/rahvamaja\/wp-json\/wp\/v2\/pages\/413\/revisions"}],"predecessor-version":[{"id":1241,"href":"https:\/\/www.vastseliina.ee\/rahvamaja\/wp-json\/wp\/v2\/pages\/413\/revisions\/1241"}],"wp:attachment":[{"href":"https:\/\/www.vastseliina.ee\/rahvamaja\/wp-json\/wp\/v2\/media?parent=413"}],"curies":[{"name":"wp","href":"https:\/\/api.w.org\/{rel}","templated":true}]}}