{"id":563,"date":"2022-04-11T08:45:07","date_gmt":"2022-04-11T06:45:07","guid":{"rendered":"https:\/\/www.vastseliina.ee\/rahvamaja\/?page_id=563"},"modified":"2022-04-12T13:16:42","modified_gmt":"2022-04-12T11:16:42","slug":"ajalugu","status":"publish","type":"page","link":"https:\/\/www.vastseliina.ee\/rahvamaja\/ajalugu\/","title":{"rendered":"Ajalugu"},"content":{"rendered":"\t\t<div data-elementor-type=\"wp-page\" data-elementor-id=\"563\" class=\"elementor elementor-563\">\n\t\t\t\t\t\t\t\t\t<section class=\"elementor-section elementor-top-section elementor-element elementor-element-a69de5c elementor-section-boxed elementor-section-height-default elementor-section-height-default\" data-id=\"a69de5c\" data-element_type=\"section\">\n\t\t\t\t\t\t<div class=\"elementor-container elementor-column-gap-default\">\n\t\t\t\t\t<div class=\"elementor-column elementor-col-100 elementor-top-column elementor-element elementor-element-f00b976\" data-id=\"f00b976\" data-element_type=\"column\">\n\t\t\t<div class=\"elementor-widget-wrap elementor-element-populated\">\n\t\t\t\t\t\t\t\t<div class=\"elementor-element elementor-element-52cf84c elementor-widget elementor-widget-heading\" data-id=\"52cf84c\" data-element_type=\"widget\" data-widget_type=\"heading.default\">\n\t\t\t\t<div class=\"elementor-widget-container\">\n\t\t\t<style>\/*! elementor - v3.6.4 - 13-04-2022 *\/\n.elementor-heading-title{padding:0;margin:0;line-height:1}.elementor-widget-heading .elementor-heading-title[class*=elementor-size-]>a{color:inherit;font-size:inherit;line-height:inherit}.elementor-widget-heading .elementor-heading-title.elementor-size-small{font-size:15px}.elementor-widget-heading .elementor-heading-title.elementor-size-medium{font-size:19px}.elementor-widget-heading .elementor-heading-title.elementor-size-large{font-size:29px}.elementor-widget-heading .elementor-heading-title.elementor-size-xl{font-size:39px}.elementor-widget-heading .elementor-heading-title.elementor-size-xxl{font-size:59px}<\/style><h3 class=\"elementor-heading-title elementor-size-large\">65. s\u00fcnnip\u00e4eva raames valmisid videoklipid meie majas toimunust.<\/h3>\t\t<\/div>\n\t\t\t\t<\/div>\n\t\t\t\t<div class=\"elementor-element elementor-element-bf494af elementor-aspect-ratio-169 elementor-widget elementor-widget-video\" data-id=\"bf494af\" data-element_type=\"widget\" data-settings=\"{&quot;youtube_url&quot;:&quot;https:\\\/\\\/www.youtube.com\\\/watch?v=v6RcmgkZK50&quot;,&quot;video_type&quot;:&quot;youtube&quot;,&quot;controls&quot;:&quot;yes&quot;,&quot;aspect_ratio&quot;:&quot;169&quot;}\" data-widget_type=\"video.default\">\n\t\t\t\t<div class=\"elementor-widget-container\">\n\t\t\t<style>\/*! elementor - v3.6.4 - 13-04-2022 *\/\n.elementor-widget-video .elementor-widget-container{overflow:hidden;-webkit-transform:translateZ(0);transform:translateZ(0)}.elementor-widget-video .elementor-open-inline .elementor-custom-embed-image-overlay{position:absolute;top:0;left:0;width:100%;height:100%;background-size:cover;background-position:50%}.elementor-widget-video .elementor-custom-embed-image-overlay{cursor:pointer;text-align:center}.elementor-widget-video .elementor-custom-embed-image-overlay:hover .elementor-custom-embed-play i{opacity:1}.elementor-widget-video .elementor-custom-embed-image-overlay img{display:block;width:100%}.elementor-widget-video .e-hosted-video .elementor-video{-o-object-fit:cover;object-fit:cover}<\/style>\t\t<div class=\"elementor-wrapper elementor-fit-aspect-ratio elementor-open-inline\">\n\t\t\t<div class=\"elementor-video\"><\/div>\t\t<\/div>\n\t\t\t\t<\/div>\n\t\t\t\t<\/div>\n\t\t\t\t\t<\/div>\n\t\t<\/div>\n\t\t\t\t\t\t\t<\/div>\n\t\t<\/section>\n\t\t\t\t<section class=\"elementor-section elementor-top-section elementor-element elementor-element-cbc7d53 elementor-section-boxed elementor-section-height-default elementor-section-height-default\" data-id=\"cbc7d53\" data-element_type=\"section\">\n\t\t\t\t\t\t<div class=\"elementor-container elementor-column-gap-default\">\n\t\t\t\t\t<div class=\"elementor-column elementor-col-100 elementor-top-column elementor-element elementor-element-d51a37d\" data-id=\"d51a37d\" data-element_type=\"column\">\n\t\t\t<div class=\"elementor-widget-wrap elementor-element-populated\">\n\t\t\t\t\t\t\t\t<div class=\"elementor-element elementor-element-5445947 elementor-widget elementor-widget-heading\" data-id=\"5445947\" data-element_type=\"widget\" data-widget_type=\"heading.default\">\n\t\t\t\t<div class=\"elementor-widget-container\">\n\t\t\t<h3 class=\"elementor-heading-title elementor-size-large\">Video: Raskem laulud k\u00f5lad<\/h3>\t\t<\/div>\n\t\t\t\t<\/div>\n\t\t\t\t<div class=\"elementor-element elementor-element-22ad2f4 elementor-aspect-ratio-169 elementor-widget elementor-widget-video\" data-id=\"22ad2f4\" data-element_type=\"widget\" data-settings=\"{&quot;youtube_url&quot;:&quot;https:\\\/\\\/www.youtube.com\\\/watch?v=yMGTmCL-hCw&quot;,&quot;video_type&quot;:&quot;youtube&quot;,&quot;controls&quot;:&quot;yes&quot;,&quot;aspect_ratio&quot;:&quot;169&quot;}\" data-widget_type=\"video.default\">\n\t\t\t\t<div class=\"elementor-widget-container\">\n\t\t\t\t\t<div class=\"elementor-wrapper elementor-fit-aspect-ratio elementor-open-inline\">\n\t\t\t<div class=\"elementor-video\"><\/div>\t\t<\/div>\n\t\t\t\t<\/div>\n\t\t\t\t<\/div>\n\t\t\t\t\t<\/div>\n\t\t<\/div>\n\t\t\t\t\t\t\t<\/div>\n\t\t<\/section>\n\t\t\t\t<section class=\"elementor-section elementor-top-section elementor-element elementor-element-85e5ff3 elementor-section-boxed elementor-section-height-default elementor-section-height-default\" data-id=\"85e5ff3\" data-element_type=\"section\">\n\t\t\t\t\t\t<div class=\"elementor-container elementor-column-gap-default\">\n\t\t\t\t\t<div class=\"elementor-column elementor-col-100 elementor-top-column elementor-element elementor-element-80e138a\" data-id=\"80e138a\" data-element_type=\"column\">\n\t\t\t<div class=\"elementor-widget-wrap elementor-element-populated\">\n\t\t\t\t\t\t\t\t<div class=\"elementor-element elementor-element-c39cd28 elementor-widget elementor-widget-heading\" data-id=\"c39cd28\" data-element_type=\"widget\" data-widget_type=\"heading.default\">\n\t\t\t\t<div class=\"elementor-widget-container\">\n\t\t\t<h3 class=\"elementor-heading-title elementor-size-large\">Video: Rahvatants - L\u00e4bi tule ja vee<\/h3>\t\t<\/div>\n\t\t\t\t<\/div>\n\t\t\t\t<div class=\"elementor-element elementor-element-6dd899e elementor-aspect-ratio-169 elementor-widget elementor-widget-video\" data-id=\"6dd899e\" data-element_type=\"widget\" data-settings=\"{&quot;youtube_url&quot;:&quot;https:\\\/\\\/www.youtube.com\\\/watch?v=lTrEjep1Rns&quot;,&quot;video_type&quot;:&quot;youtube&quot;,&quot;controls&quot;:&quot;yes&quot;,&quot;aspect_ratio&quot;:&quot;169&quot;}\" data-widget_type=\"video.default\">\n\t\t\t\t<div class=\"elementor-widget-container\">\n\t\t\t\t\t<div class=\"elementor-wrapper elementor-fit-aspect-ratio elementor-open-inline\">\n\t\t\t<div class=\"elementor-video\"><\/div>\t\t<\/div>\n\t\t\t\t<\/div>\n\t\t\t\t<\/div>\n\t\t\t\t\t<\/div>\n\t\t<\/div>\n\t\t\t\t\t\t\t<\/div>\n\t\t<\/section>\n\t\t\t\t<section class=\"elementor-section elementor-top-section elementor-element elementor-element-1be0523 elementor-section-boxed elementor-section-height-default elementor-section-height-default\" data-id=\"1be0523\" data-element_type=\"section\">\n\t\t\t\t\t\t<div class=\"elementor-container elementor-column-gap-default\">\n\t\t\t\t\t<div class=\"elementor-column elementor-col-100 elementor-top-column elementor-element elementor-element-1f7d870\" data-id=\"1f7d870\" data-element_type=\"column\">\n\t\t\t<div class=\"elementor-widget-wrap elementor-element-populated\">\n\t\t\t\t\t\t\t\t<div class=\"elementor-element elementor-element-9795e1b elementor-widget elementor-widget-heading\" data-id=\"9795e1b\" data-element_type=\"widget\" data-widget_type=\"heading.default\">\n\t\t\t\t<div class=\"elementor-widget-container\">\n\t\t\t<h3 class=\"elementor-heading-title elementor-size-large\">Video: Tantsur\u00f5\u00f5m<\/h3>\t\t<\/div>\n\t\t\t\t<\/div>\n\t\t\t\t<div class=\"elementor-element elementor-element-6b2a87f elementor-aspect-ratio-169 elementor-widget elementor-widget-video\" data-id=\"6b2a87f\" data-element_type=\"widget\" data-settings=\"{&quot;youtube_url&quot;:&quot;https:\\\/\\\/www.youtube.com\\\/watch?v=3QLPEb6g04A&quot;,&quot;video_type&quot;:&quot;youtube&quot;,&quot;controls&quot;:&quot;yes&quot;,&quot;aspect_ratio&quot;:&quot;169&quot;}\" data-widget_type=\"video.default\">\n\t\t\t\t<div class=\"elementor-widget-container\">\n\t\t\t\t\t<div class=\"elementor-wrapper elementor-fit-aspect-ratio elementor-open-inline\">\n\t\t\t<div class=\"elementor-video\"><\/div>\t\t<\/div>\n\t\t\t\t<\/div>\n\t\t\t\t<\/div>\n\t\t\t\t\t<\/div>\n\t\t<\/div>\n\t\t\t\t\t\t\t<\/div>\n\t\t<\/section>\n\t\t\t\t<section class=\"elementor-section elementor-top-section elementor-element elementor-element-16bb8e1 elementor-section-boxed elementor-section-height-default elementor-section-height-default\" data-id=\"16bb8e1\" data-element_type=\"section\">\n\t\t\t\t\t\t<div class=\"elementor-container elementor-column-gap-default\">\n\t\t\t\t\t<div class=\"elementor-column elementor-col-100 elementor-top-column elementor-element elementor-element-f58d00d\" data-id=\"f58d00d\" data-element_type=\"column\">\n\t\t\t<div class=\"elementor-widget-wrap elementor-element-populated\">\n\t\t\t\t\t\t\t\t<div class=\"elementor-element elementor-element-b4df128 elementor-widget elementor-widget-heading\" data-id=\"b4df128\" data-element_type=\"widget\" data-widget_type=\"heading.default\">\n\t\t\t\t<div class=\"elementor-widget-container\">\n\t\t\t<h3 class=\"elementor-heading-title elementor-size-large\">Video: Teeme teatrit<\/h3>\t\t<\/div>\n\t\t\t\t<\/div>\n\t\t\t\t<div class=\"elementor-element elementor-element-f136e62 elementor-aspect-ratio-169 elementor-widget elementor-widget-video\" data-id=\"f136e62\" data-element_type=\"widget\" data-settings=\"{&quot;youtube_url&quot;:&quot;https:\\\/\\\/www.youtube.com\\\/watch?v=UZVU0Ub-UAQ&quot;,&quot;video_type&quot;:&quot;youtube&quot;,&quot;controls&quot;:&quot;yes&quot;,&quot;aspect_ratio&quot;:&quot;169&quot;}\" data-widget_type=\"video.default\">\n\t\t\t\t<div class=\"elementor-widget-container\">\n\t\t\t\t\t<div class=\"elementor-wrapper elementor-fit-aspect-ratio elementor-open-inline\">\n\t\t\t<div class=\"elementor-video\"><\/div>\t\t<\/div>\n\t\t\t\t<\/div>\n\t\t\t\t<\/div>\n\t\t\t\t\t<\/div>\n\t\t<\/div>\n\t\t\t\t\t\t\t<\/div>\n\t\t<\/section>\n\t\t\t\t<section class=\"elementor-section elementor-top-section elementor-element elementor-element-a2fad6a elementor-section-boxed elementor-section-height-default elementor-section-height-default\" data-id=\"a2fad6a\" data-element_type=\"section\">\n\t\t\t\t\t\t<div class=\"elementor-container elementor-column-gap-default\">\n\t\t\t\t\t<div class=\"elementor-column elementor-col-100 elementor-top-column elementor-element elementor-element-59e3420\" data-id=\"59e3420\" data-element_type=\"column\">\n\t\t\t<div class=\"elementor-widget-wrap elementor-element-populated\">\n\t\t\t\t\t\t\t\t<div class=\"elementor-element elementor-element-f532ee4 elementor-widget elementor-widget-heading\" data-id=\"f532ee4\" data-element_type=\"widget\" data-widget_type=\"heading.default\">\n\t\t\t\t<div class=\"elementor-widget-container\">\n\t\t\t<h3 class=\"elementor-heading-title elementor-size-large\">Video: Rahvamaja kui m\u00e4lupank<\/h3>\t\t<\/div>\n\t\t\t\t<\/div>\n\t\t\t\t<div class=\"elementor-element elementor-element-ee86bc2 elementor-aspect-ratio-169 elementor-widget elementor-widget-video\" data-id=\"ee86bc2\" data-element_type=\"widget\" data-settings=\"{&quot;youtube_url&quot;:&quot;https:\\\/\\\/www.youtube.com\\\/watch?v=AEMpg3Cv5gg&quot;,&quot;video_type&quot;:&quot;youtube&quot;,&quot;controls&quot;:&quot;yes&quot;,&quot;aspect_ratio&quot;:&quot;169&quot;}\" data-widget_type=\"video.default\">\n\t\t\t\t<div class=\"elementor-widget-container\">\n\t\t\t\t\t<div class=\"elementor-wrapper elementor-fit-aspect-ratio elementor-open-inline\">\n\t\t\t<div class=\"elementor-video\"><\/div>\t\t<\/div>\n\t\t\t\t<\/div>\n\t\t\t\t<\/div>\n\t\t\t\t\t<\/div>\n\t\t<\/div>\n\t\t\t\t\t\t\t<\/div>\n\t\t<\/section>\n\t\t\t\t\t\t\t<\/div>\n\t\t","protected":false},"excerpt":{"rendered":"<p>65. s\u00fcnnip\u00e4eva raames valmisid videoklipid meie majas toimunust. Video: Raskem laulud k\u00f5lad Video: Rahvatants &#8211; L\u00e4bi tule ja vee Video: Tantsur\u00f5\u00f5m Video: Teeme teatrit Video: Rahvamaja kui m\u00e4lupank<\/p>\n","protected":false},"author":2,"featured_media":0,"parent":0,"menu_order":0,"comment_status":"closed","ping_status":"closed","template":"","meta":[],"yoast_head":"<!-- This site is optimized with the Yoast SEO plugin v18.6 - https:\/\/yoast.com\/wordpress\/plugins\/seo\/ -->\n<title>Ajalugu - Vastseliina rahvamaja<\/title>\n<meta name=\"robots\" content=\"index, follow, max-snippet:-1, max-image-preview:large, max-video-preview:-1\" \/>\n<link rel=\"canonical\" href=\"https:\/\/www.vastseliina.ee\/rahvamaja\/ajalugu\/\" \/>\n<meta property=\"og:locale\" content=\"et_EE\" \/>\n<meta property=\"og:type\" content=\"article\" \/>\n<meta property=\"og:title\" content=\"Ajalugu - Vastseliina rahvamaja\" \/>\n<meta property=\"og:description\" content=\"65. s\u00fcnnip\u00e4eva raames valmisid videoklipid meie majas toimunust. Video: Raskem laulud k\u00f5lad Video: Rahvatants &#8211; L\u00e4bi tule ja vee Video: Tantsur\u00f5\u00f5m Video: Teeme teatrit Video: Rahvamaja kui m\u00e4lupank\" \/>\n<meta property=\"og:url\" content=\"https:\/\/www.vastseliina.ee\/rahvamaja\/ajalugu\/\" \/>\n<meta property=\"og:site_name\" content=\"Vastseliina rahvamaja\" \/>\n<meta property=\"article:modified_time\" content=\"2022-04-12T11:16:42+00:00\" \/>\n<meta name=\"twitter:card\" content=\"summary_large_image\" \/>\n<script type=\"application\/ld+json\" class=\"yoast-schema-graph\">{\"@context\":\"https:\/\/schema.org\",\"@graph\":[{\"@type\":\"WebSite\",\"@id\":\"https:\/\/www.vastseliina.ee\/rahvamaja\/#website\",\"url\":\"https:\/\/www.vastseliina.ee\/rahvamaja\/\",\"name\":\"Vastseliina rahvamaja\",\"description\":\"Tegemist on Vastseliina rahvamaja veebilehega.\",\"potentialAction\":[{\"@type\":\"SearchAction\",\"target\":{\"@type\":\"EntryPoint\",\"urlTemplate\":\"https:\/\/www.vastseliina.ee\/rahvamaja\/?s={search_term_string}\"},\"query-input\":\"required name=search_term_string\"}],\"inLanguage\":\"et\"},{\"@type\":\"WebPage\",\"@id\":\"https:\/\/www.vastseliina.ee\/rahvamaja\/ajalugu\/#webpage\",\"url\":\"https:\/\/www.vastseliina.ee\/rahvamaja\/ajalugu\/\",\"name\":\"Ajalugu - Vastseliina rahvamaja\",\"isPartOf\":{\"@id\":\"https:\/\/www.vastseliina.ee\/rahvamaja\/#website\"},\"datePublished\":\"2022-04-11T06:45:07+00:00\",\"dateModified\":\"2022-04-12T11:16:42+00:00\",\"breadcrumb\":{\"@id\":\"https:\/\/www.vastseliina.ee\/rahvamaja\/ajalugu\/#breadcrumb\"},\"inLanguage\":\"et\",\"potentialAction\":[{\"@type\":\"ReadAction\",\"target\":[\"https:\/\/www.vastseliina.ee\/rahvamaja\/ajalugu\/\"]}]},{\"@type\":\"BreadcrumbList\",\"@id\":\"https:\/\/www.vastseliina.ee\/rahvamaja\/ajalugu\/#breadcrumb\",\"itemListElement\":[{\"@type\":\"ListItem\",\"position\":1,\"name\":\"Kodu\",\"item\":\"https:\/\/www.vastseliina.ee\/rahvamaja\/\"},{\"@type\":\"ListItem\",\"position\":2,\"name\":\"Ajalugu\"}]}]}<\/script>\n<!-- \/ Yoast SEO plugin. -->","yoast_head_json":{"title":"Ajalugu - Vastseliina rahvamaja","robots":{"index":"index","follow":"follow","max-snippet":"max-snippet:-1","max-image-preview":"max-image-preview:large","max-video-preview":"max-video-preview:-1"},"canonical":"https:\/\/www.vastseliina.ee\/rahvamaja\/ajalugu\/","og_locale":"et_EE","og_type":"article","og_title":"Ajalugu - Vastseliina rahvamaja","og_description":"65. s\u00fcnnip\u00e4eva raames valmisid videoklipid meie majas toimunust. Video: Raskem laulud k\u00f5lad Video: Rahvatants &#8211; L\u00e4bi tule ja vee Video: Tantsur\u00f5\u00f5m Video: Teeme teatrit Video: Rahvamaja kui m\u00e4lupank","og_url":"https:\/\/www.vastseliina.ee\/rahvamaja\/ajalugu\/","og_site_name":"Vastseliina rahvamaja","article_modified_time":"2022-04-12T11:16:42+00:00","twitter_card":"summary_large_image","schema":{"@context":"https:\/\/schema.org","@graph":[{"@type":"WebSite","@id":"https:\/\/www.vastseliina.ee\/rahvamaja\/#website","url":"https:\/\/www.vastseliina.ee\/rahvamaja\/","name":"Vastseliina rahvamaja","description":"Tegemist on Vastseliina rahvamaja veebilehega.","potentialAction":[{"@type":"SearchAction","target":{"@type":"EntryPoint","urlTemplate":"https:\/\/www.vastseliina.ee\/rahvamaja\/?s={search_term_string}"},"query-input":"required name=search_term_string"}],"inLanguage":"et"},{"@type":"WebPage","@id":"https:\/\/www.vastseliina.ee\/rahvamaja\/ajalugu\/#webpage","url":"https:\/\/www.vastseliina.ee\/rahvamaja\/ajalugu\/","name":"Ajalugu - Vastseliina rahvamaja","isPartOf":{"@id":"https:\/\/www.vastseliina.ee\/rahvamaja\/#website"},"datePublished":"2022-04-11T06:45:07+00:00","dateModified":"2022-04-12T11:16:42+00:00","breadcrumb":{"@id":"https:\/\/www.vastseliina.ee\/rahvamaja\/ajalugu\/#breadcrumb"},"inLanguage":"et","potentialAction":[{"@type":"ReadAction","target":["https:\/\/www.vastseliina.ee\/rahvamaja\/ajalugu\/"]}]},{"@type":"BreadcrumbList","@id":"https:\/\/www.vastseliina.ee\/rahvamaja\/ajalugu\/#breadcrumb","itemListElement":[{"@type":"ListItem","position":1,"name":"Kodu","item":"https:\/\/www.vastseliina.ee\/rahvamaja\/"},{"@type":"ListItem","position":2,"name":"Ajalugu"}]}]}},"_links":{"self":[{"href":"https:\/\/www.vastseliina.ee\/rahvamaja\/wp-json\/wp\/v2\/pages\/563"}],"collection":[{"href":"https:\/\/www.vastseliina.ee\/rahvamaja\/wp-json\/wp\/v2\/pages"}],"about":[{"href":"https:\/\/www.vastseliina.ee\/rahvamaja\/wp-json\/wp\/v2\/types\/page"}],"author":[{"embeddable":true,"href":"https:\/\/www.vastseliina.ee\/rahvamaja\/wp-json\/wp\/v2\/users\/2"}],"replies":[{"embeddable":true,"href":"https:\/\/www.vastseliina.ee\/rahvamaja\/wp-json\/wp\/v2\/comments?post=563"}],"version-history":[{"count":11,"href":"https:\/\/www.vastseliina.ee\/rahvamaja\/wp-json\/wp\/v2\/pages\/563\/revisions"}],"predecessor-version":[{"id":1089,"href":"https:\/\/www.vastseliina.ee\/rahvamaja\/wp-json\/wp\/v2\/pages\/563\/revisions\/1089"}],"wp:attachment":[{"href":"https:\/\/www.vastseliina.ee\/rahvamaja\/wp-json\/wp\/v2\/media?parent=563"}],"curies":[{"name":"wp","href":"https:\/\/api.w.org\/{rel}","templated":true}]}}